{"id":109,"date":"2017-02-23T11:26:42","date_gmt":"2017-02-23T10:26:42","guid":{"rendered":"http:\/\/tc-bakalarskapraca.rhcloud.com\/?page_id=109"},"modified":"2017-07-07T09:07:15","modified_gmt":"2017-07-07T07:07:15","slug":"tejt-u16","status":"publish","type":"page","link":"http:\/\/www.tenisovecentrum.sk\/?page_id=109","title":{"rendered":"TEJT U16"},"content":{"rendered":"<p>[vc_row][vc_column][vc_column_text]<\/p>\n<h2>Tennis Europe Junior Tour<\/h2>\n<h3>10.7. &#8211; 16.7.2017<\/h3>\n<p>U\u017e tretie leto v rade za sebou sa \u00a0are\u00e1l Tenisov\u00e9ho centra v Slovenskej \u013dup\u010di <img loading=\"lazy\" decoding=\"async\" class=\"size-medium wp-image-944 alignleft\" src=\"http:\/\/www.tenisovecentrum.sk\/wp-content\/uploads\/2017\/07\/A3-pepas-cup-2017-724x1024.jpg\" alt=\"\" width=\"212\" height=\"300\" \/>stane dejiskom konania sa medzin\u00e1rodn\u00e9ho tenisov\u00e9ho turnaja juniorov a junioriek do 16 rokov. Turnaj sa realizuje na okruhu Tennis Europe Junior Tour pod z\u00e1\u0161titou medzin\u00e1rodnej tenisovej feder\u00e1cie. \u00a0Toto leto sa k n\u00e1m prihl\u00e1sili hr\u00e1\u010di a mlad\u00e9 talenty celkovo z 11-stich kraj\u00edn sveta ako s\u00fa napr\u00edklad Est\u00f3nsko, Bielorusko, Rusko, Izrael a in\u00e9&#8230;. Va\u0161a div\u00e1cka podpora z trib\u00fan\u00a0je \u017eiad\u00faca a v\u0161etci ste k n\u00e1m srde\u010dne v\u00edtan\u00ed. Vstup vo\u013en\u00fd![\/vc_column_text][\/vc_column][\/vc_row]<\/p>\n","protected":false},"excerpt":{"rendered":"<p>[vc_row][vc_column][vc_column_text] Tennis Europe Junior Tour 10.7. &#8211; 16.7.2017 U\u017e tretie leto v rade za sebou sa \u00a0are\u00e1l Tenisov\u00e9ho centra v Slovenskej \u013dup\u010di stane dejiskom konania sa medzin\u00e1rodn\u00e9ho tenisov\u00e9ho turnaja juniorov a junioriek do 16 rokov. Turnaj sa realizuje na okruhu Tennis Europe Junior Tour pod z\u00e1\u0161titou medzin\u00e1rodnej tenisovej feder\u00e1cie. \u00a0Toto leto sa k n\u00e1m prihl\u00e1sili [&hellip;]<\/p>\n","protected":false},"author":1,"featured_media":0,"parent":83,"menu_order":0,"comment_status":"closed","ping_status":"closed","template":"","meta":{"footnotes":""},"_links":{"self":[{"href":"http:\/\/www.tenisovecentrum.sk\/index.php?rest_route=\/wp\/v2\/pages\/109"}],"collection":[{"href":"http:\/\/www.tenisovecentrum.sk\/index.php?rest_route=\/wp\/v2\/pages"}],"about":[{"href":"http:\/\/www.tenisovecentrum.sk\/index.php?rest_route=\/wp\/v2\/types\/page"}],"author":[{"embeddable":true,"href":"http:\/\/www.tenisovecentrum.sk\/index.php?rest_route=\/wp\/v2\/users\/1"}],"replies":[{"embeddable":true,"href":"http:\/\/www.tenisovecentrum.sk\/index.php?rest_route=%2Fwp%2Fv2%2Fcomments&post=109"}],"version-history":[{"count":5,"href":"http:\/\/www.tenisovecentrum.sk\/index.php?rest_route=\/wp\/v2\/pages\/109\/revisions"}],"predecessor-version":[{"id":917,"href":"http:\/\/www.tenisovecentrum.sk\/index.php?rest_route=\/wp\/v2\/pages\/109\/revisions\/917"}],"up":[{"embeddable":true,"href":"http:\/\/www.tenisovecentrum.sk\/index.php?rest_route=\/wp\/v2\/pages\/83"}],"wp:attachment":[{"href":"http:\/\/www.tenisovecentrum.sk\/index.php?rest_route=%2Fwp%2Fv2%2Fmedia&parent=109"}],"curies":[{"name":"wp","href":"https:\/\/api.w.org\/{rel}","templated":true}]}}