{"id":1091,"date":"2018-06-06T21:22:28","date_gmt":"2018-06-06T19:22:28","guid":{"rendered":"http:\/\/www.tenisovecentrum.sk\/?page_id=1091"},"modified":"2018-06-06T21:23:10","modified_gmt":"2018-06-06T19:23:10","slug":"tejt-u16","status":"publish","type":"page","link":"http:\/\/www.tenisovecentrum.sk\/?page_id=1091","title":{"rendered":"TEJT U16"},"content":{"rendered":"<p>Medzin\u00e1rodn\u00fd turnaj chlapcov a diev\u010dat do 16 rokov.<\/p>\n<p>Term\u00edn konania: od 9.7. 2018 do 15.7.2018<\/p>\n<p>Bli\u017e\u0161ie inform\u00e1cie prinesieme u\u017e \u010doskoro!<\/p>\n","protected":false},"excerpt":{"rendered":"<p>Medzin\u00e1rodn\u00fd turnaj chlapcov a diev\u010dat do 16 rokov. Term\u00edn konania: od 9.7. 2018 do 15.7.2018 Bli\u017e\u0161ie inform\u00e1cie prinesieme u\u017e \u010doskoro!<\/p>\n","protected":false},"author":1,"featured_media":0,"parent":1089,"menu_order":0,"comment_status":"closed","ping_status":"closed","template":"","meta":{"footnotes":""},"_links":{"self":[{"href":"http:\/\/www.tenisovecentrum.sk\/index.php?rest_route=\/wp\/v2\/pages\/1091"}],"collection":[{"href":"http:\/\/www.tenisovecentrum.sk\/index.php?rest_route=\/wp\/v2\/pages"}],"about":[{"href":"http:\/\/www.tenisovecentrum.sk\/index.php?rest_route=\/wp\/v2\/types\/page"}],"author":[{"embeddable":true,"href":"http:\/\/www.tenisovecentrum.sk\/index.php?rest_route=\/wp\/v2\/users\/1"}],"replies":[{"embeddable":true,"href":"http:\/\/www.tenisovecentrum.sk\/index.php?rest_route=%2Fwp%2Fv2%2Fcomments&post=1091"}],"version-history":[{"count":1,"href":"http:\/\/www.tenisovecentrum.sk\/index.php?rest_route=\/wp\/v2\/pages\/1091\/revisions"}],"predecessor-version":[{"id":1092,"href":"http:\/\/www.tenisovecentrum.sk\/index.php?rest_route=\/wp\/v2\/pages\/1091\/revisions\/1092"}],"up":[{"embeddable":true,"href":"http:\/\/www.tenisovecentrum.sk\/index.php?rest_route=\/wp\/v2\/pages\/1089"}],"wp:attachment":[{"href":"http:\/\/www.tenisovecentrum.sk\/index.php?rest_route=%2Fwp%2Fv2%2Fmedia&parent=1091"}],"curies":[{"name":"wp","href":"https:\/\/api.w.org\/{rel}","templated":true}]}}