{"id":122,"date":"2017-02-23T12:08:41","date_gmt":"2017-02-23T11:08:41","guid":{"rendered":"http:\/\/tc-bakalarskapraca.rhcloud.com\/?page_id=122"},"modified":"2023-03-16T12:56:16","modified_gmt":"2023-03-16T11:56:16","slug":"tabory","status":"publish","type":"page","link":"http:\/\/www.tenisovecentrum.sk\/?page_id=122","title":{"rendered":"T\u00e1bory"},"content":{"rendered":"<p>[vc_row][vc_column][vc_column_text]<\/p>\n<h2><strong>Denn\u00e9 \u0161portovo &#8211; z\u00e1bavn\u00e9 detsk\u00e9 kempy<\/strong><\/h2>\n<p>[\/vc_column_text][vc_column_text]<\/p>\n<h4>Na stiahnutie:<\/h4>\n<ul>\n<li><span style=\"text-decoration: underline;\"><strong><a href=\"\/wp-content\/uploads\/2023\/03\/Prihlaska-Pepas-Borec-kemp-2023.docx\">Prihl\u00e1\u0161ka na t\u00e1bor BOREC KEMP 2023<\/a><\/strong><\/span><\/li>\n<li><span style=\"text-decoration: underline;\"><strong><a href=\"\/wp-content\/uploads\/2023\/03\/borec-kemp-propagacny-plagat-2023-scaled.jpg\" target=\"_blank\" rel=\"noopener\">Plag\u00e1t BOREC KEMP 2023<\/a><\/strong><\/span><\/li>\n<\/ul>\n<h4>Term\u00edny:<\/h4>\n<ul>\n<li><span style=\"color: #0000ff;\"><strong>1.t\u00e1bor:\u00a0 <span style=\"color: #ff00ff;\">od 10.7. do 14.7. 2023<\/span><\/strong><\/span><\/li>\n<li><span style=\"color: #0000ff;\"><strong>2.t\u00e1bor:<\/strong><\/span> <strong>od 24.7. do 28.7. 2023<\/strong><\/li>\n<li><span style=\"color: #0000ff;\"><strong>3.t\u00e1bor: <span style=\"color: #ff6600;\">od 31.7. do 4.8. 2023<\/span><\/strong><\/span><\/li>\n<\/ul>\n<h4>Cena:<\/h4>\n<ul>\n<li>150\u20ac osoba<\/li>\n<li>280\u20ac s\u00farodenci<\/li>\n<\/ul>\n<p><strong>Cena zah\u0155\u0148a:<\/strong> Tenisov\u00fd tr\u00e9ning, hokejov\u00fd tr\u00e9ning na suchu, stickhandling, stre\u013eba na br\u00e1nu, cykloturistika, pe\u0161ia turistika, v\u00fdlet na k\u00fapalisko, lezeck\u00e1 stena, bedminton, baseball a in\u00e9 \u0161porty (floorball, futbal), hry, s\u00fa\u0165a\u017ee, 1x prenocovanie, + t\u00e1borov\u00fd dar\u010dek &#8211; suven\u00edr.<\/p>\n<p><strong>Stravovanie zabezpe\u010den\u00e9:<\/strong> desiata, obed, olovrant + pitn\u00fd re\u017eim<\/p>\n<h4>Podanie prihl\u00e1\u0161ky:<\/h4>\n<ul>\n<li>Vyplnen\u00fa prihl\u00e1\u0161ku posiela\u0165 na <a href=\"mailto:boreckemp@gmail.com\">boreckemp@gmail.com<\/a><\/li>\n<li>Mo\u017enos\u0165 prihl\u00e1si\u0165 die\u0165a aj <span style=\"color: #0000ff;\">telefonicky na <a href=\"tel:00421907291818\">0907 291 818<\/a><\/span> (Matej Stanko), <a href=\"tel:00421915469248\">0915 469 248<\/a> (Marek Jan\u00edk) alebo <span style=\"color: #0000ff;\">osobne<\/span> v Tenisovom centre v Slovenskej \u013dup\u010di<\/li>\n<li>Uhradenie platby za kemp (n\u00e1vod v prihl\u00e1\u0161ke)<\/li>\n<li>Po\u010det miest je limitovan\u00fd na 30 det\u00ed<\/li>\n<\/ul>\n<p>[\/vc_column_text][vc_gallery type=&#8220;image_grid&#8220; images=&#8220;863,864,865,866,867,868,869,870&#8243; title=&#8220;Fotogal\u00e9ria&#8220;][\/vc_column][\/vc_row][vc_row][vc_column][vc_gallery type=&#8220;image_grid&#8220; images=&#8220;752,751,750,749,748,747,746,745,744,743,742,741,740,739,738,737,736,735,734,733,732&#8243;][\/vc_column][\/vc_row]<\/p>\n","protected":false},"excerpt":{"rendered":"<p>[vc_row][vc_column][vc_column_text] Denn\u00e9 \u0161portovo &#8211; z\u00e1bavn\u00e9 detsk\u00e9 kempy [\/vc_column_text][vc_column_text] Na stiahnutie: Prihl\u00e1\u0161ka na t\u00e1bor BOREC KEMP 2023 Plag\u00e1t BOREC KEMP 2023 Term\u00edny: 1.t\u00e1bor:\u00a0 od 10.7. do 14.7. 2023 2.t\u00e1bor: od 24.7. do 28.7. 2023 3.t\u00e1bor: od 31.7. do 4.8. 2023 Cena: 150\u20ac osoba 280\u20ac s\u00farodenci Cena zah\u0155\u0148a: Tenisov\u00fd tr\u00e9ning, hokejov\u00fd tr\u00e9ning na suchu, stickhandling, stre\u013eba na [&hellip;]<\/p>\n","protected":false},"author":1,"featured_media":0,"parent":33,"menu_order":0,"comment_status":"closed","ping_status":"closed","template":"","meta":{"footnotes":""},"_links":{"self":[{"href":"http:\/\/www.tenisovecentrum.sk\/index.php?rest_route=\/wp\/v2\/pages\/122"}],"collection":[{"href":"http:\/\/www.tenisovecentrum.sk\/index.php?rest_route=\/wp\/v2\/pages"}],"about":[{"href":"http:\/\/www.tenisovecentrum.sk\/index.php?rest_route=\/wp\/v2\/types\/page"}],"author":[{"embeddable":true,"href":"http:\/\/www.tenisovecentrum.sk\/index.php?rest_route=\/wp\/v2\/users\/1"}],"replies":[{"embeddable":true,"href":"http:\/\/www.tenisovecentrum.sk\/index.php?rest_route=%2Fwp%2Fv2%2Fcomments&post=122"}],"version-history":[{"count":34,"href":"http:\/\/www.tenisovecentrum.sk\/index.php?rest_route=\/wp\/v2\/pages\/122\/revisions"}],"predecessor-version":[{"id":1370,"href":"http:\/\/www.tenisovecentrum.sk\/index.php?rest_route=\/wp\/v2\/pages\/122\/revisions\/1370"}],"up":[{"embeddable":true,"href":"http:\/\/www.tenisovecentrum.sk\/index.php?rest_route=\/wp\/v2\/pages\/33"}],"wp:attachment":[{"href":"http:\/\/www.tenisovecentrum.sk\/index.php?rest_route=%2Fwp%2Fv2%2Fmedia&parent=122"}],"curies":[{"name":"wp","href":"https:\/\/api.w.org\/{rel}","templated":true}]}}