{"id":125,"date":"2017-02-23T12:09:33","date_gmt":"2017-02-23T11:09:33","guid":{"rendered":"http:\/\/tc-bakalarskapraca.rhcloud.com\/?page_id=125"},"modified":"2017-04-27T14:19:46","modified_gmt":"2017-04-27T12:19:46","slug":"mikulas","status":"publish","type":"page","link":"http:\/\/www.tenisovecentrum.sk\/?page_id=125","title":{"rendered":"Mikul\u00e1\u0161"},"content":{"rendered":"<p>[vc_row][vc_column][vc_column_text]<\/p>\n<p style=\"text-align: left;\">V\u0161etky deti sa na za\u010diatku decembra te\u0161ia na sladk\u00e9 prekvapenia v bal\u00ed\u010dkoch a \u010di\u017emi\u010dk\u00e1ch. Inak tomu nieje ani na tenise. Ka\u017edoro\u010dne medzi tenisov\u00e9 deti zav\u00edta Mikul\u00e1\u0161 v spolo\u010dnosti pomocn\u00edkov anjela, \u010derta alebo osamote. To ni\u010d nemen\u00ed na tom, \u017ee de\u0165om je spestren\u00fd tr\u00e9ning programom, s\u00fa obdaren\u00e9 bal\u00ed\u010dkom a rodi\u010dia si m\u00f4\u017eu posedie\u0165 a podebati\u0165 pri hor\u00facom pun\u010di a oblo\u017een\u00fdch chleb\u00ed\u010dkoch. Trad\u00edcia Mikul\u00e1\u0161a m\u00e1 v na\u0161ej Tenisovej \u0161kole u\u017e dlh\u00fa hist\u00f3riu a to aj v\u010faka va\u0161\u00edm pr\u00edspevkom 2% z dan\u00ed pre n\u00e1\u0161 \u0160portov\u00fd klub. \u010eakujeme.<\/p>\n<p>[\/vc_column_text][vc_gallery type=&#8220;image_grid&#8220; images=&#8220;791,792,793,794,795,796,797&#8243; title=&#8220;Fotogal\u00e9ria 2016&#8243;][\/vc_column][\/vc_row][vc_row][vc_column][\/vc_column][\/vc_row]<\/p>\n","protected":false},"excerpt":{"rendered":"<p>[vc_row][vc_column][vc_column_text] V\u0161etky deti sa na za\u010diatku decembra te\u0161ia na sladk\u00e9 prekvapenia v bal\u00ed\u010dkoch a \u010di\u017emi\u010dk\u00e1ch. Inak tomu nieje ani na tenise. Ka\u017edoro\u010dne medzi tenisov\u00e9 deti zav\u00edta Mikul\u00e1\u0161 v spolo\u010dnosti pomocn\u00edkov anjela, \u010derta alebo osamote. To ni\u010d nemen\u00ed na tom, \u017ee de\u0165om je spestren\u00fd tr\u00e9ning programom, s\u00fa obdaren\u00e9 bal\u00ed\u010dkom a rodi\u010dia si m\u00f4\u017eu posedie\u0165 a podebati\u0165 [&hellip;]<\/p>\n","protected":false},"author":1,"featured_media":0,"parent":33,"menu_order":0,"comment_status":"closed","ping_status":"closed","template":"","meta":{"footnotes":""},"_links":{"self":[{"href":"http:\/\/www.tenisovecentrum.sk\/index.php?rest_route=\/wp\/v2\/pages\/125"}],"collection":[{"href":"http:\/\/www.tenisovecentrum.sk\/index.php?rest_route=\/wp\/v2\/pages"}],"about":[{"href":"http:\/\/www.tenisovecentrum.sk\/index.php?rest_route=\/wp\/v2\/types\/page"}],"author":[{"embeddable":true,"href":"http:\/\/www.tenisovecentrum.sk\/index.php?rest_route=\/wp\/v2\/users\/1"}],"replies":[{"embeddable":true,"href":"http:\/\/www.tenisovecentrum.sk\/index.php?rest_route=%2Fwp%2Fv2%2Fcomments&post=125"}],"version-history":[{"count":4,"href":"http:\/\/www.tenisovecentrum.sk\/index.php?rest_route=\/wp\/v2\/pages\/125\/revisions"}],"predecessor-version":[{"id":801,"href":"http:\/\/www.tenisovecentrum.sk\/index.php?rest_route=\/wp\/v2\/pages\/125\/revisions\/801"}],"up":[{"embeddable":true,"href":"http:\/\/www.tenisovecentrum.sk\/index.php?rest_route=\/wp\/v2\/pages\/33"}],"wp:attachment":[{"href":"http:\/\/www.tenisovecentrum.sk\/index.php?rest_route=%2Fwp%2Fv2%2Fmedia&parent=125"}],"curies":[{"name":"wp","href":"https:\/\/api.w.org\/{rel}","templated":true}]}}