{"id":144,"date":"2017-02-23T12:40:32","date_gmt":"2017-02-23T11:40:32","guid":{"rendered":"http:\/\/tc-bakalarskapraca.rhcloud.com\/?page_id=144"},"modified":"2017-04-27T13:39:08","modified_gmt":"2017-04-27T11:39:08","slug":"stanovy","status":"publish","type":"page","link":"http:\/\/www.tenisovecentrum.sk\/?page_id=144","title":{"rendered":"Stanovy"},"content":{"rendered":"<p>[vc_row][vc_column][vc_column_text]<strong>\u00a0<\/strong><\/p>\n<p><strong>Stanovy \u0160portov\u00e9ho klubu PEPAS Slovensk\u00e1 \u013dup\u010da \u00a0<\/strong><\/p>\n<p>v zmysle \u00a7 3 ods. 3 z\u00e1kona \u010d. 83\/1990 Zb. o\u00a0zdru\u017eovan\u00ed ob\u010danov<\/p>\n<p>v\u00a0znen\u00ed neskor\u0161\u00edch predpisov<\/p>\n<p><strong>\u2013\u2013\u2013\u2013\u2013\u2013\u2013\u2013\u2013\u2013\u2013\u2013\u2013\u2013\u2013\u2013\u2013\u2013\u2013\u2013\u2013\u2013\u2013\u2013\u2013\u2013\u2013\u2013\u2013\u2013\u2013\u2013\u2013\u2013\u2013\u2013\u2013\u2013\u2013\u2013\u2013\u2013\u2013\u2013\u2013\u2013\u2013\u2013\u2013\u2013\u2013\u2013\u2013\u2013\u2013\u2013\u2013\u2013\u2013\u2013\u2013\u2013\u2013<\/strong><\/p>\n<p><strong>\u00a0<\/strong><\/p>\n<p><strong>\u00a0<\/strong><\/p>\n<p><strong>\u010cl. I<\/strong><\/p>\n<p><strong>Z\u00c1KLADN\u00c9 USTANOVENIA<\/strong><\/p>\n<p><strong>\u00a0<\/strong><\/p>\n<ol>\n<li>N\u00e1zov ob\u010dianskeho zdru\u017eenia je \u0160portov\u00fd klub PEPAS Slovensk\u00e1 \u013dup\u010da<\/li>\n<li>\u0160portov\u00fd klub PEPAS Slovensk\u00e1 \u013dup\u010da (\u010falej ako \u201e\u0160K\u201c), je v\u00a0zmysle z\u00e1kona \u010d. 83\/1990 dobrovo\u013en\u00fdm zdru\u017een\u00edm ob\u010danov, ktor\u00ed jeho prostredn\u00edctvom vykon\u00e1vaj\u00fa z\u00e1ujmov\u00fa \u010dinnos\u0165 v oblasti\u00a0telesnej v\u00fdchovy,\u00a0\u0161portu, turistiky a\u00a0v\u00a0podobn\u00fdch aktivit\u00e1ch, pri\u010dom\n<ul>\n<li>v\u0161etci \u010dlenovia s\u00fa organizovan\u00ed v \u0160K,<\/li>\n<li>\u0160K zostav\u00ed a\u00a0prihl\u00e1si tenisov\u00e9 dru\u017estvo do s\u00fa\u0165a\u017ee dru\u017estiev,<\/li>\n<li>\u0160K zabezpe\u010duje pre svojich \u010dlenov z\u00e1kladn\u00fa telesn\u00fa aktivitu,<\/li>\n<li>\u010dlenovia \u0160K sa z\u00fa\u010dast\u0148uj\u00fa organizovan\u00fdch a\u00a0individu\u00e1lnych turistick\u00fdch akci\u00ed,<\/li>\n<li>\u010dlenovia \u0160K sa z\u00fa\u010dast\u0148uj\u00fa individu\u00e1lnych tenisov\u00fdch turnajov organizovan\u00fdch Slovensk\u00fdm tenisov\u00fdm zv\u00e4zom.<\/li>\n<\/ul>\n<\/li>\n<li>\u0160K je otvorenou, samostatnou, nez\u00e1vislou a\u00a0nepolitickou organiz\u00e1ciou, vyv\u00edjaj\u00facou svoju \u010dinnos\u0165 na demokratick\u00fdch princ\u00edpoch.<\/li>\n<li>\u0160K m\u00e1 postavenie pr\u00e1vnickej osoby s\u00a0vlastnou pr\u00e1vnou subjektivitou. S\u00eddlom \u0160K je \u0160portov\u00e1 40, 976 13 Slovensk\u00e1 \u013dup\u010da, Slovensk\u00e1 republika.<\/li>\n<li>\u0160K vyv\u00edja a\u00a0uskuto\u010d\u0148uje svoju \u010dinnos\u0165 prostredn\u00edctvom svojich org\u00e1nov a svojich \u010dlenov.<\/li>\n<\/ol>\n<p><strong>\u00a0<\/strong><\/p>\n<p><strong>\u010cl. II<\/strong><\/p>\n<p><strong>CIELE ZDRU\u017dENIA<\/strong><\/p>\n<p><strong>\u00a0<\/strong><\/p>\n<ol>\n<li>Cie\u013eom \u0160K je uspokojova\u0165 z\u00e1ujmy a\u00a0z\u00e1\u013euby ob\u010danov v\u00a0oblasti telesnej kult\u00fary, vytv\u00e1ra\u0165 podmienky na upev\u0148ovanie zdravia, zvy\u0161ova\u0165 du\u0161evn\u00fa a\u00a0telesn\u00fa zdatnos\u0165, ako aj \u0161portov\u00fa v\u00fdkonnos\u0165.<\/li>\n<li>\u0160K sa star\u00e1 o\u00a0rozvoj, prosperitu a\u00a0ochranu z\u00e1ujmov svojich \u010dlenov. Poskytuje im odborn\u00e9, poradensk\u00e9 a\u00a0servisn\u00e9 slu\u017eby.<\/li>\n<li>\u0160K vytv\u00e1ra ekonomick\u00e9, materi\u00e1lno \u2013 technick\u00e9 a\u00a0odborn\u00e9 podmienky na \u010dinnos\u0165 \u0160K.<\/li>\n<li>Za \u00fa\u010delom naplnenia svojich cie\u013eov \u0160K spolupracuje s jednotlivcami, mimovl\u00e1dnymi a\u00a0neziskov\u00fdmi organiz\u00e1ciami, org\u00e1nmi \u0161t\u00e1tnej a\u00a0verejnej spr\u00e1vy, a\u00a0m\u00f4\u017ee by\u0165 \u010dlenom in\u00fdch \u0161portov\u00fdch organiz\u00e1ci\u00ed doma aj v\u00a0zahrani\u010d\u00ed.<\/li>\n<\/ol>\n<p><strong>\u00a0<\/strong><\/p>\n<p><strong>\u00a0<\/strong><\/p>\n<p><strong>\u010cl. III<\/strong><\/p>\n<p><strong>\u010cLENSTVO<\/strong><\/p>\n<p><strong><em>\u00a0<\/em><\/strong><\/p>\n<ol>\n<li>\u010clenstvo v\u00a0\u0160K m\u00f4\u017ee by\u0165:\n<ul>\n<li>individu\u00e1lne,<\/li>\n<li>kolekt\u00edvne,<\/li>\n<li>\u010destn\u00e9.<\/li>\n<\/ul>\n<\/li>\n<li>\u010clenom \u0160K m\u00f4\u017ee by\u0165 fyzick\u00e1 osoba i pr\u00e1vnick\u00e1 osoba (zast\u00fapen\u00e1 svojim \u0161tatut\u00e1rnym org\u00e1nom), ktor\u00e1 sp\u013a\u0148a tieto predpoklady:\n<ul>\n<li>je plne sp\u00f4sobil\u00e1 na pr\u00e1vne \u00fakony,<\/li>\n<li>je bez\u00fahonn\u00e1,<\/li>\n<li>s\u00fahlas\u00ed a stoto\u017e\u0148uje sa s cie\u013emi \u0160K,<\/li>\n<li>chce sa akt\u00edvne z\u00fa\u010dast\u0148ova\u0165 na \u010dinnosti \u0160K.<\/li>\n<\/ul>\n<\/li>\n<li>Dokladom o\u00a0\u010dlenstve je platn\u00fd \u010dlensk\u00fd preukaz, u\u00a0det\u00ed do 14 rokov \u017eiacky preukaz. Jeho platnos\u0165 je podmienen\u00e1 zaplaten\u00edm \u010dlensk\u00fdch pr\u00edspevkov za be\u017en\u00fd kalend\u00e1rny rok, najnesk\u00f4r do 30.06. pr\u00edslu\u0161n\u00e9ho kalend\u00e1rneho roka.<\/li>\n<li>\u010clen \u0160K m\u00e1 nasledovn\u00e9 pr\u00e1va:\n<ul>\n<li>z\u00fa\u010dast\u0148ova\u0165 sa pod\u013ea svojich potrieb a\u00a0z\u00e1\u013eub telov\u00fdchovn\u00fdch, \u0161portov\u00fdch a\u00a0in\u00fdch podobn\u00fdch aktiv\u00edt, ako i\u00a0\u010fal\u0161\u00edch kult\u00farno \u2013 spolo\u010densk\u00fdch akci\u00ed usporad\u00favan\u00fdch \u0160K,<\/li>\n<li>z\u00fa\u010dast\u0148ova\u0165 sa \u010dlensk\u00fdch sch\u00f4dz\u00ed<\/li>\n<li>z\u00fa\u010dast\u0148ova\u0165 sa na rokovan\u00ed org\u00e1nov, na ktor\u00fdch sa hodnot\u00ed jeho \u010dinnos\u0165, spr\u00e1vanie a\u00a0konanie,<\/li>\n<li>d\u00e1va\u0165 pr\u00edslu\u0161n\u00fdm org\u00e1nom \u0160K podnety, n\u00e1vrhy a\u00a0pripomienky a\u00a0po\u017eadova\u0165 na ne do 30 dn\u00ed odpove\u010f,<\/li>\n<li>voli\u0165 a\u00a0by\u0165 volen\u00fd do org\u00e1nov \u0160K, podmienkou pas\u00edvneho volebn\u00e9ho pr\u00e1va je odbornos\u0165 a kvalifik\u00e1cia na pr\u00edslu\u0161n\u00fa funkciu, bez\u00fahonnos\u0165 a\u00a0vek 18 rokov.<\/li>\n<\/ul>\n<\/li>\n<li>\u010clen \u0160K m\u00e1 nasledovn\u00e9 povinnosti:\n<ul>\n<li>dodr\u017eiava\u0165 stanovy \u0160K, na ich z\u00e1klade vydan\u00e9 vn\u00fatorn\u00e9 predpisy, plni\u0165 \u00falohy, dodr\u017eiava\u0165 discipl\u00ednu a\u00a0z\u00e1sady mor\u00e1lky spolo\u010dnosti,<\/li>\n<li>podie\u013ea\u0165 sa na \u010dinnosti \u0160K a\u00a0riadne vykon\u00e1va\u0165 v\u0161etky prijat\u00e9 funkcie,<\/li>\n<li>chr\u00e1ni\u0165, opatrova\u0165 a\u00a0zve\u013ea\u010fova\u0165 majetok \u0160K,<\/li>\n<li>riadne a\u00a0v\u010das plati\u0165 \u010dlensk\u00e9, pr\u00edspevky a\u00a0poplatky schv\u00e1len\u00e9 \u0160K.<\/li>\n<\/ul>\n<\/li>\n<li>Individu\u00e1lne \u010dlenstvo v\u00a0\u0160K je dobrovo\u013en\u00e9. \u010clenom sa m\u00f4\u017ee sta\u0165 slovensk\u00fd ob\u010dan bez rozdielu politick\u00e9ho presved\u010denia, n\u00e1rodnostnej pr\u00edslu\u0161nosti, n\u00e1bo\u017eensk\u00e9ho vyznania, pohlavia a\u00a0veku, \u010falej cudz\u00ed \u0161t\u00e1tny pr\u00edslu\u0161n\u00edk, ak m\u00e1 trval\u00e9 bydlisko v\u00a0SR a\u00a0pr\u00e1vnick\u00e9 osoby so s\u00eddlom v SR, ak s\u00fahlasia s\u00a0t\u00fdmito stanovami. O\u00a0prijat\u00ed rozhoduje v\u00fdbor \u0160K na z\u00e1klade p\u00edsomnej prihl\u00e1\u0161ky.<\/li>\n<li>Individu\u00e1lne \u010dlenstvo zanik\u00e1:\n<ul>\n<li>vyst\u00fapen\u00edm na z\u00e1klade ozn\u00e1menia s\u00a0\u00fa\u010dinnos\u0165ou odo d\u0148a doru\u010denia p\u00edsomn\u00e9ho ozn\u00e1menia \u010dlena o\u00a0vyst\u00fapen\u00ed z \u0160K,<\/li>\n<li>smr\u0165ou fyzickej osoby, resp. z\u00e1nikom pr\u00e1vnickej osoby,<\/li>\n<li>z\u00e1nikom \u0160K,<\/li>\n<li>vy\u0161krtnut\u00edm pre neplnenie z\u00e1kladn\u00fdch \u010dlensk\u00fdch povinnost\u00ed vypl\u00fdvaj\u00facich zo stanov,<\/li>\n<li>vyl\u00fa\u010den\u00edm pre obzvl\u00e1\u0161\u0165 z\u00e1va\u017en\u00e9 previnenie nezlu\u010dite\u013en\u00e9 s\u00a0\u010dlenstvom v\u00a0\u0160K alebo z\u00a0in\u00fdch d\u00f4le\u017eit\u00fdch d\u00f4vodov.<\/li>\n<\/ul>\n<\/li>\n<\/ol>\n<p>O\u00a0vyl\u00fa\u010den\u00ed rozhoduje v\u00fdbor \u0160K, v\u00a0odvolacom konan\u00ed valn\u00e9 zhroma\u017edenie \u0160K.<\/p>\n<ol start=\"8\">\n<li>O\u00a0prijat\u00ed kolekt\u00edvneho \u010dlena rozhoduje v\u00fdbor \u0160K na z\u00e1klade p\u00edsomnej prihl\u00e1\u0161ky Kolekt\u00edvnym \u010dlenom m\u00f4\u017ee by\u0165 i\u00a0organiz\u00e1cia, in\u0161tit\u00facia alebo pr\u00e1vnick\u00e1 osoba so s\u00eddlom mimo \u00fazemia Slovenskej republiky. Na z\u00e1nik kolekt\u00edvneho \u010dlenstva sa primerane vz\u0165ahuje bod 7. tohto \u010dl\u00e1nku stanov.<\/li>\n<li>\u010cestn\u00e9 \u010dlenstvo m\u00f4\u017eu org\u00e1ny \u0160K udeli\u0165 jednotlivcom, kolekt\u00edvom, organiz\u00e1ci\u00e1m alebo in\u0161tit\u00faci\u00e1m za osobitn\u00e9 z\u00e1sluhy na rozvoji \u0160K.<\/li>\n<li>Do \u0160K m\u00f4\u017eu vst\u00fapi\u0165 aj \u010fal\u0161ie oddiely, odbory a\u00a0z\u00e1ujmov\u00e9 skupiny, ktor\u00e9 po\u017eiadaj\u00fa o\u00a0prijatie. O\u00a0ich prijat\u00ed rozhoduje v\u00fdbor \u0160K za podmienok re\u0161pektovania t\u00fdchto stanov.<\/li>\n<li>Ka\u017ed\u00e1 zlo\u017eka m\u00e1 pr\u00e1vo vyst\u00fapi\u0165 zo \u0160K, osamostatni\u0165 sa alebo sa zdru\u017ei\u0165 do in\u00e9ho \u0161portov\u00e9ho klubu. Pri vyst\u00fapen\u00ed sa vykon\u00e1 majetkovo \u2013 pr\u00e1vne vysporiadanie. N\u00e1rok je podmienen\u00fd d\u00f4kazom o\u00a0z\u00edskan\u00ed majetku vlastnou \u010dinnos\u0165ou alebo \u00fa\u010delovo pridelen\u00fdmi prostriedkami. Delimit\u00e1ciu majetku schva\u013euje valn\u00e9 zhroma\u017edenie \u0160K.<\/li>\n<li>Vedenie disciplin\u00e1rneho konania a\u00a0ukladanie disciplin\u00e1rnych opatren\u00ed ukladaj\u00fa org\u00e1ny \u0160K pod\u013ea osobitnej smernice ATJ Slovenska.<\/li>\n<\/ol>\n<p><strong>\u00a0<\/strong><\/p>\n<p><strong>\u00a0<\/strong><\/p>\n<p><strong>\u010cl. IV<\/strong><\/p>\n<p><strong>ORG\u00c1NY \u0160K<\/strong><\/p>\n<p><em>\u00a0<\/em><\/p>\n<ol>\n<li>Najvy\u0161\u0161\u00edm org\u00e1nom \u0160K je valn\u00e9 zhroma\u017edenie. Kon\u00e1 sa spravidla raz za rok.<\/li>\n<li>Valn\u00e9 zhroma\u017edenie prerok\u00fava v\u0161etky z\u00e1kladn\u00e9 ot\u00e1zky \u010dinnosti \u0160K, najm\u00e4:<\/li>\n<\/ol>\n<ul>\n<li>uzn\u00e1\u0161a sa o\u00a0vzniku \u0160K, n\u00e1zve a\u00a0symbolike, ako aj o\u00a0jeho zl\u00fa\u010den\u00edm s\u00a0in\u00fdm \u0160K alebo o\u00a0jeho z\u00e1niku,<\/li>\n<li>schva\u013euje, men\u00ed alebo ru\u0161\u00ed stanovy \u0160K,<\/li>\n<li>schva\u013euje pl\u00e1n \u010dinnosti a\u00a0v\u00fdro\u010dn\u00fa spr\u00e1vu,<\/li>\n<li>prerok\u00fava spr\u00e1vu v\u00fdboru o\u00a0\u010dinnosti a\u00a0\u010derpan\u00ed rozpo\u010dtu za uplynul\u00e9 obdobie a\u00a0schva\u013euje pl\u00e1n \u010dinnosti a\u00a0rozpo\u010det pre nasleduj\u00face obdobie, ako aj spr\u00e1vu rev\u00edznej komisie, vol\u00ed v\u00fdbor \u0160K a\u00a0rev\u00edznu komisiu,<\/li>\n<li>je opr\u00e1vnen\u00e9 zmeni\u0165 alebo zru\u0161i\u0165 rozhodnutie v\u00fdboru \u0160K, ak je v\u00a0rozpore s\u00a0platn\u00fdmi predpismi a\u00a0stanovami \u0160K,<\/li>\n<li>je odvolac\u00edm org\u00e1nom v\u00a0disciplin\u00e1rnom konan\u00ed.<\/li>\n<\/ul>\n<p>Na platnos\u0165 uznesenia sa vy\u017eaduje s\u00fahlas 3\/5 v\u00e4\u010d\u0161iny v\u0161etk\u00fdch delegovan\u00fdch z\u00e1stupcov, ak sa nerozhodne inak.<\/p>\n<ol start=\"3\">\n<li>V\u00a0obdob\u00ed medzi valn\u00fdmi zhroma\u017edeniami riadi \u010dinnos\u0165 \u0160K v\u00fdbor. Po\u010det \u010dlenov a\u00a0sp\u00f4sob vo\u013eby alebo zast\u00fapenia stanov\u00ed valn\u00e9 zhroma\u017edenie. V\u00fdbor sa sklad\u00e1 z\u00a0predsedu \u0160K, tajomn\u00edka \u0160K, hospod\u00e1ra \u0160K a\u00a0\u010fal\u0161\u00edch \u010dlenov. Frekvenciu rokovan\u00ed si stanov\u00ed v\u00fdbor \u0160K.<\/li>\n<li>Predsedom \u0160K je: Mgr. Matej Stanko, nar. 23.10.1983, rodn\u00e9 \u010d\u00edslo 831023\/7507, trvale bytom Za no\u017eiar\u0148ou 1102\/17, 976 13 Slovensk\u00e1 \u013dup\u010da, Slovensk\u00e1 republika.<\/li>\n<li>Tajomn\u00edkom \u0160K je: Iveta Stankov\u00e1, nar. 25.02.1964, rodn\u00e9 \u010d\u00edslo 645225\/6206, trvale bytom Z\u00e1hradn\u00e1 26, 976 13 Slovensk\u00e1 \u013dup\u010da<\/li>\n<li>Hospod\u00e1rom \u0160K je: Jozef Stanko, nar. 12.03.1961, trvale bytom Z\u00e1hradn\u00e1 26, 976 13 Slovensk\u00e1 \u013dup\u010da<\/li>\n<li>V\u00fdbor zastupuje \u0160K na rokovaniach so \u0161t\u00e1tnymi a\u00a0ostatn\u00fdmi org\u00e1nmi, organiz\u00e1ciami, in\u0161tit\u00faciami a\u00a0ostatn\u00fdmi pr\u00e1vnick\u00fdmi osobami. Na z\u00e1klade schv\u00e1len\u00fdch pravidiel rozde\u013euje prostriedky z\u00edskan\u00e9 od \u0161t\u00e1tu a\u00a0z\u00a0in\u00fdch zdrojov, pod\u013ea rozsahu a\u00a0kvality \u010dinnosti.<\/li>\n<li>Menom \u0160K s\u00fa opr\u00e1vnen\u00ed navonok vystupova\u0165 a\u00a0kona\u0165: predseda, tajomn\u00edk a\u00a0\u010fal\u0161\u00ed funkcion\u00e1ri splnomocnen\u00ed v\u00fdborom \u0160K. Na platnos\u0165 p\u00edsomn\u00e9ho pr\u00e1vneho \u00fakonu v\u00a0hospod\u00e1rskych veciach sa vy\u017eaduje podpis dvoch opr\u00e1vnen\u00fdch os\u00f4b.<\/li>\n<\/ol>\n<p>&nbsp;<\/p>\n<p><strong>\u010cl. V<\/strong><\/p>\n<p><strong>REV\u00cdZNA KOMISIA<\/strong><\/p>\n<p>&nbsp;<\/p>\n<ol>\n<li>Rev\u00edzna komisia je nez\u00e1visl\u00fd kontroln\u00fd org\u00e1n na \u010dele s\u00a0predsedom. Vol\u00ed ju valn\u00e9 zhroma\u017edenie \u0160K. Vykon\u00e1va rev\u00edzie hospod\u00e1renia \u0160K a\u00a0o\u00a0v\u00fdsledkoch informuje v\u00fdbor \u0160K s\u00a0n\u00e1vrhom na n\u00e1pravn\u00e9 opatrenia. Za svoju \u010dinnos\u0165 zodpoved\u00e1 valn\u00e9mu zhroma\u017edeniu \u0160K. Predseda rev\u00edznej komisie m\u00e1 pr\u00e1vo z\u00fa\u010dast\u0148ova\u0165 sa na rokovan\u00ed org\u00e1nov \u0160K a\u00a0odvetvov\u00fdch zlo\u017eiek s\u00a0hlasom poradn\u00fdm.<\/li>\n<\/ol>\n<p>&nbsp;<\/p>\n<p><strong>\u00a0<\/strong><\/p>\n<p><strong>\u010cl. VI<\/strong><\/p>\n<p><strong>MAJETOK A\u00a0HOSPOD\u00c1RENIE<\/strong><\/p>\n<p><strong>\u00a0<\/strong><\/p>\n<ol>\n<li>Hospod\u00e1renie \u0160K sa uskuto\u010d\u0148uje na z\u00e1klade schv\u00e1len\u00e9ho rozpo\u010dtu.<\/li>\n<li>\u0160K m\u00e1 vo vlastn\u00edctve hnute\u013en\u00fd a\u00a0nehnute\u013en\u00fd majetok, potrebn\u00fd na zabezpe\u010denie vlastnej \u010dinnosti. Na z\u00e1klade zmluvn\u00fdch vz\u0165ahov m\u00f4\u017ee u\u017e\u00edva\u0165 aj in\u00fd majetok, o\u00a0ktor\u00fd m\u00e1 povinnos\u0165 sa stara\u0165, chr\u00e1ni\u0165 ho a\u00a0zve\u013ea\u010fova\u0165. \u0160K s\u00a0majetkom naklad\u00e1 v\u00a0s\u00falade so v\u0161eobecne platn\u00fdmi pr\u00e1vnymi predpismi a\u00a0z\u00a0nich vypl\u00fdvaj\u00facimi vlastn\u00fdmi intern\u00fdmi pravidlami.<\/li>\n<li>Zdrojom majetkom \u0160K s\u00fa pr\u00edjmy z\u00a0\u010dlensk\u00fdch a\u00a0in\u00fdch pr\u00edspevkov, pr\u00edjmy z\u00a0telov\u00fdchovnej, \u0161portovej, spolo\u010denskej \u010dinnosti, \u010falej dary, pr\u00edspevky, dot\u00e1cie, popr\u00edpade pr\u00edjmy z\u00a0povolen\u00fdch podnikate\u013esk\u00fdch \u010dinnost\u00ed.<\/li>\n<li>Pre zabezpe\u010denie finan\u010dn\u00fdch zdrojov na \u010dinnos\u0165 a\u00a0\u00fadr\u017ebu \u0160K bude \u0160K vykon\u00e1va\u0165 ved\u013eaj\u0161iu hospod\u00e1rsku \u010dinnos\u0165, a\u00a0to najm\u00e4:<\/li>\n<\/ol>\n<ul>\n<li>stavebn\u00e9 pr\u00e1ce v\u0161etk\u00fdch druhov,<\/li>\n<li>obchodn\u00fa \u010dinnos\u0165,<\/li>\n<li>re\u0161taura\u010dn\u00fa \u010dinnos\u0165,<\/li>\n<li>slu\u017eby pre tenis (organizovanie turnajov, vyplietanie tenisov\u00fdch rakiet),<\/li>\n<li>propag\u00e1ciu a\u00a0reklamu.<\/li>\n<\/ul>\n<ol start=\"5\">\n<li>V\u00fdnosy z\u00a0majetku a\u00a0vlastnej \u010dinnosti m\u00f4\u017eu by\u0165 pou\u017eit\u00e9 len na podporu cie\u013eov zdru\u017eenia a\u00a0na jeho \u010dinnos\u0165.<\/li>\n<\/ol>\n<p><strong>\u00a0<\/strong><\/p>\n<p><strong>\u010cl. VII<\/strong><\/p>\n<p><strong>Z\u00c1NIK \u0160K<\/strong><\/p>\n<p>&nbsp;<\/p>\n<ol>\n<li>O\u00a0z\u00e1niku \u0160K jeho dobrovo\u013en\u00fdm rozpusten\u00edm alebo zl\u00fa\u010den\u00edm s\u00a0in\u00fdm subjektom (ob\u010dianskym zdru\u017een\u00edm) rozhoduje valn\u00e9 zhroma\u017edenie \u0160K, ktor\u00e9 z\u00e1rove\u0148 vymenuje likvid\u00e1tora.<\/li>\n<li>Pri z\u00e1niku \u0160K bude vykonan\u00e9 majetkov\u00e9 vysporiadanie, za ktor\u00e9 bude zodpovedn\u00fd predseda rev\u00edznej komisie. Vysporiadanie sa vykon\u00e1 pod\u013ea z\u00e1sady, \u017ee najprv sa vyrovnaj\u00fa v\u0161etky z\u00e1v\u00e4zky \u0160K, vzniknut\u00e9 z\u00a0jeho \u010dinnosti, pri\u010dom na druhej strane sa zabezpe\u010d\u00ed splnenie poh\u013ead\u00e1vok zo strany tret\u00edch os\u00f4b a\u00a0zostatok sa rozdel\u00ed medzi \u010dlenov klubu rovnak\u00fdm pomerom na ka\u017ed\u00e9ho pod\u013ea po\u010dtu \u010dlenov. T\u00fdmto postupom nesm\u00fa by\u0165 dotknut\u00e9 z\u00e1ujmy \u0161t\u00e1tu (da\u0148ov\u00e9, coln\u00e9, spr\u00e1vne, at\u010f.). O\u00a0majetkovom vysporiadan\u00ed bud\u00fa zachovan\u00e9 p\u00edsomn\u00e9 z\u00e1znamy najmenej desa\u0165 rokov.<\/li>\n<li>Valn\u00e9 zhroma\u017edenie \u0160K ozn\u00e1mi z\u00e1nik zdru\u017eenia do 15 dn\u00ed od ukon\u010denia likvid\u00e1cie Ministerstvu vn\u00fatra Slovenskej republiky.<\/li>\n<\/ol>\n<p>&nbsp;<\/p>\n<p><strong>\u010cl. VIII<\/strong><\/p>\n<p><strong>Z\u00c1VERE\u010cN\u00c9 USTANOVENIA<\/strong><\/p>\n<p>&nbsp;<\/p>\n<ol>\n<li>V\u00a0mene \u0160K je opr\u00e1vnen\u00fd rokova\u0165 predseda a\u00a0ostatn\u00ed funkcion\u00e1ri tak, ako je uveden\u00e9 \u010dl\u00e1nku IV., odstavec 8.<\/li>\n<li>Pr\u00e1vne vz\u0165ahy v\u00fdslovne neupraven\u00e9 v\u00a0t\u00fdchto stanov\u00e1ch sa riadia pr\u00edslu\u0161n\u00fdmi pr\u00e1vnymi predpismi, predov\u0161etk\u00fdm z\u00e1konom \u010d. 83\/1990 Zb. o\u00a0zdru\u017eovan\u00ed ob\u010danov.<\/li>\n<\/ol>\n<p>&nbsp;<\/p>\n<p>&nbsp;<\/p>\n<p>&nbsp;<\/p>\n<p>V\u00a0Slovenskej \u013dup\u010di, d\u0148a 04.05.2015<\/p>\n<p>&nbsp;<\/p>\n<p>&nbsp;<\/p>\n<p>&nbsp;<\/p>\n<p>&nbsp;<\/p>\n<p>____________________________\u00a0\u00a0\u00a0\u00a0\u00a0\u00a0\u00a0\u00a0\u00a0\u00a0\u00a0\u00a0\u00a0\u00a0\u00a0\u00a0\u00a0\u00a0\u00a0\u00a0\u00a0\u00a0\u00a0\u00a0\u00a0 _______________________________<\/p>\n<p><strong>\u00a0\u00a0\u00a0\u00a0 \u00a0\u00a0\u00a0\u00a0\u00a0\u00a0\u00a0\u00a0Mgr. Matej Stanko\u00a0\u00a0\u00a0\u00a0\u00a0\u00a0\u00a0\u00a0\u00a0\u00a0\u00a0\u00a0\u00a0\u00a0\u00a0\u00a0\u00a0\u00a0\u00a0\u00a0\u00a0\u00a0\u00a0\u00a0\u00a0\u00a0\u00a0\u00a0\u00a0\u00a0\u00a0\u00a0\u00a0\u00a0\u00a0\u00a0 \u00a0\u00a0\u00a0\u00a0\u00a0\u00a0\u00a0\u00a0\u00a0 \u00a0 \u00a0\u00a0\u00a0\u00a0\u00a0\u00a0\u00a0\u00a0Iveta Stankov\u00e1<\/strong><\/p>\n<p>predseda\u00a0\u00a0\u00a0\u00a0\u00a0\u00a0\u00a0\u00a0\u00a0\u00a0\u00a0\u00a0\u00a0\u00a0\u00a0\u00a0\u00a0\u00a0\u00a0\u00a0\u00a0\u00a0\u00a0\u00a0\u00a0\u00a0\u00a0\u00a0\u00a0\u00a0\u00a0\u00a0\u00a0\u00a0\u00a0\u00a0\u00a0\u00a0\u00a0\u00a0\u00a0\u00a0\u00a0\u00a0\u00a0\u00a0\u00a0\u00a0\u00a0\u00a0\u00a0\u00a0\u00a0\u00a0\u00a0\u00a0\u00a0\u00a0\u00a0\u00a0\u00a0\u00a0\u00a0\u00a0\u00a0\u00a0\u00a0\u00a0 tajomn\u00edk[\/vc_column_text][\/vc_column][\/vc_row]<\/p>\n","protected":false},"excerpt":{"rendered":"<p>[vc_row][vc_column][vc_column_text]\u00a0 Stanovy \u0160portov\u00e9ho klubu PEPAS Slovensk\u00e1 \u013dup\u010da \u00a0 v zmysle \u00a7 3 ods. 3 z\u00e1kona \u010d. 83\/1990 Zb. o\u00a0zdru\u017eovan\u00ed ob\u010danov v\u00a0znen\u00ed neskor\u0161\u00edch predpisov \u2013\u2013\u2013\u2013\u2013\u2013\u2013\u2013\u2013\u2013\u2013\u2013\u2013\u2013\u2013\u2013\u2013\u2013\u2013\u2013\u2013\u2013\u2013\u2013\u2013\u2013\u2013\u2013\u2013\u2013\u2013\u2013\u2013\u2013\u2013\u2013\u2013\u2013\u2013\u2013\u2013\u2013\u2013\u2013\u2013\u2013\u2013\u2013\u2013\u2013\u2013\u2013\u2013\u2013\u2013\u2013\u2013\u2013\u2013\u2013\u2013\u2013\u2013 \u00a0 \u00a0 \u010cl. I Z\u00c1KLADN\u00c9 USTANOVENIA \u00a0 N\u00e1zov ob\u010dianskeho zdru\u017eenia je \u0160portov\u00fd klub PEPAS Slovensk\u00e1 \u013dup\u010da \u0160portov\u00fd klub PEPAS Slovensk\u00e1 \u013dup\u010da (\u010falej ako \u201e\u0160K\u201c), je v\u00a0zmysle z\u00e1kona \u010d. 83\/1990 dobrovo\u013en\u00fdm zdru\u017een\u00edm [&hellip;]<\/p>\n","protected":false},"author":1,"featured_media":0,"parent":36,"menu_order":0,"comment_status":"closed","ping_status":"closed","template":"","meta":{"footnotes":""},"_links":{"self":[{"href":"http:\/\/www.tenisovecentrum.sk\/index.php?rest_route=\/wp\/v2\/pages\/144"}],"collection":[{"href":"http:\/\/www.tenisovecentrum.sk\/index.php?rest_route=\/wp\/v2\/pages"}],"about":[{"href":"http:\/\/www.tenisovecentrum.sk\/index.php?rest_route=\/wp\/v2\/types\/page"}],"author":[{"embeddable":true,"href":"http:\/\/www.tenisovecentrum.sk\/index.php?rest_route=\/wp\/v2\/users\/1"}],"replies":[{"embeddable":true,"href":"http:\/\/www.tenisovecentrum.sk\/index.php?rest_route=%2Fwp%2Fv2%2Fcomments&post=144"}],"version-history":[{"count":2,"href":"http:\/\/www.tenisovecentrum.sk\/index.php?rest_route=\/wp\/v2\/pages\/144\/revisions"}],"predecessor-version":[{"id":731,"href":"http:\/\/www.tenisovecentrum.sk\/index.php?rest_route=\/wp\/v2\/pages\/144\/revisions\/731"}],"up":[{"embeddable":true,"href":"http:\/\/www.tenisovecentrum.sk\/index.php?rest_route=\/wp\/v2\/pages\/36"}],"wp:attachment":[{"href":"http:\/\/www.tenisovecentrum.sk\/index.php?rest_route=%2Fwp%2Fv2%2Fmedia&parent=144"}],"curies":[{"name":"wp","href":"https:\/\/api.w.org\/{rel}","templated":true}]}}