{"id":52,"date":"2017-02-23T10:25:00","date_gmt":"2017-02-23T09:25:00","guid":{"rendered":"http:\/\/tc-bakalarskapraca.rhcloud.com\/?page_id=52"},"modified":"2017-05-24T11:07:21","modified_gmt":"2017-05-24T09:07:21","slug":"historia","status":"publish","type":"page","link":"http:\/\/www.tenisovecentrum.sk\/?page_id=52","title":{"rendered":"Hist\u00f3ria"},"content":{"rendered":"<p>[vc_row][vc_column][vc_column_text]<\/p>\n<p style=\"text-align: left;\">Tenisov\u00e9 centrum v Slovenskej \u013dup\u010di za\u010dalo p\u00edsa\u0165 svoju hist\u00f3riu v roku 1994, kedy uviedlo do prev\u00e1dzky najsk\u00f4r 3 a potom \u010fal\u0161ie 2 antukov\u00e9 dvorce. V neskor\u0161om obdob\u00ed sa rozhodlo a prist\u00fapilo k v\u00fdstavbe pevnej krytej haly s dvomi dvorcami a spolo\u010densk\u00fdch priestorov spolu s barom, \u0161at\u0148ami, toaletami a potrebn\u00fdm z\u00e1zem\u00edm. V\u00fdstavba sa ukon\u010dila a zimn\u00e1 tenisov\u00e1 sez\u00f3nna za\u010dala v roku 2005. V roku 2011 sa priestory centra op\u00e4\u0165 roz\u0161\u00edrili a priniesli tak svojim z\u00e1kazn\u00edkom mo\u017enos\u0165 zahra\u0165 si bedminton v novej bedmintonovej hale s dvomi dvorcami, vysk\u00fa\u0161a\u0165 lezeck\u00fa stenu, zahra\u0165 si bowling alebo posedie\u0165 v novovzniknut\u00fdch spolo\u010densk\u00fdch priestoroch.<\/p>\n<p>[\/vc_column_text][\/vc_column][\/vc_row][vc_row][vc_column][vc_gallery type=&#8220;image_grid&#8220; images=&#8220;883,884&#8243; img_size=&#8220;medium&#8220; title=&#8220;Fotogal\u00e9ria&#8220;][\/vc_column][\/vc_row]<\/p>\n","protected":false},"excerpt":{"rendered":"<p>[vc_row][vc_column][vc_column_text] Tenisov\u00e9 centrum v Slovenskej \u013dup\u010di za\u010dalo p\u00edsa\u0165 svoju hist\u00f3riu v roku 1994, kedy uviedlo do prev\u00e1dzky najsk\u00f4r 3 a potom \u010fal\u0161ie 2 antukov\u00e9 dvorce. V neskor\u0161om obdob\u00ed sa rozhodlo a prist\u00fapilo k v\u00fdstavbe pevnej krytej haly s dvomi dvorcami a spolo\u010densk\u00fdch priestorov spolu s barom, \u0161at\u0148ami, toaletami a potrebn\u00fdm z\u00e1zem\u00edm. V\u00fdstavba sa ukon\u010dila a [&hellip;]<\/p>\n","protected":false},"author":1,"featured_media":0,"parent":18,"menu_order":0,"comment_status":"closed","ping_status":"closed","template":"","meta":{"footnotes":""},"_links":{"self":[{"href":"http:\/\/www.tenisovecentrum.sk\/index.php?rest_route=\/wp\/v2\/pages\/52"}],"collection":[{"href":"http:\/\/www.tenisovecentrum.sk\/index.php?rest_route=\/wp\/v2\/pages"}],"about":[{"href":"http:\/\/www.tenisovecentrum.sk\/index.php?rest_route=\/wp\/v2\/types\/page"}],"author":[{"embeddable":true,"href":"http:\/\/www.tenisovecentrum.sk\/index.php?rest_route=\/wp\/v2\/users\/1"}],"replies":[{"embeddable":true,"href":"http:\/\/www.tenisovecentrum.sk\/index.php?rest_route=%2Fwp%2Fv2%2Fcomments&post=52"}],"version-history":[{"count":4,"href":"http:\/\/www.tenisovecentrum.sk\/index.php?rest_route=\/wp\/v2\/pages\/52\/revisions"}],"predecessor-version":[{"id":885,"href":"http:\/\/www.tenisovecentrum.sk\/index.php?rest_route=\/wp\/v2\/pages\/52\/revisions\/885"}],"up":[{"embeddable":true,"href":"http:\/\/www.tenisovecentrum.sk\/index.php?rest_route=\/wp\/v2\/pages\/18"}],"wp:attachment":[{"href":"http:\/\/www.tenisovecentrum.sk\/index.php?rest_route=%2Fwp%2Fv2%2Fmedia&parent=52"}],"curies":[{"name":"wp","href":"https:\/\/api.w.org\/{rel}","templated":true}]}}