{"id":663,"date":"2017-04-27T11:05:59","date_gmt":"2017-04-27T09:05:59","guid":{"rendered":"http:\/\/tc-bakalarskapraca.rhcloud.com\/?page_id=663"},"modified":"2017-07-07T10:22:59","modified_gmt":"2017-07-07T08:22:59","slug":"3-seria-oktober-2016-jun-2017","status":"publish","type":"page","link":"http:\/\/www.tenisovecentrum.sk\/?page_id=663","title":{"rendered":"3. s\u00e9ria (okt\u00f3ber 2016 &#8211; j\u00fan 2017)"},"content":{"rendered":"<p>[vc_row][vc_column][vc_gallery type=&#8220;image_grid&#8220; images=&#8220;666,667,668,669,670,671,672,673,674,675,676,677,678,679,680&#8243; title=&#8220;1. kv\u00edz&#8220;][\/vc_column][\/vc_row][vc_row][vc_column][vc_gallery type=&#8220;image_grid&#8220; images=&#8220;682,683&#8243; title=&#8220;2. kv\u00edz&#8220;][\/vc_column][\/vc_row][vc_row][vc_column][vc_gallery type=&#8220;image_grid&#8220; images=&#8220;685&#8243; title=&#8220;3. kv\u00edz&#8220;][\/vc_column][\/vc_row][vc_row][vc_column][vc_gallery type=&#8220;image_grid&#8220; images=&#8220;687,688,689,690,691,692,693,694,695,696,697,698,699,700,701,702&#8243; title=&#8220;4. kv\u00edz&#8220;][\/vc_column][\/vc_row][vc_row][vc_column][vc_gallery type=&#8220;image_grid&#8220; images=&#8220;704&#8243; title=&#8220;5. kv\u00edz&#8220;][\/vc_column][\/vc_row][vc_row][vc_column][vc_gallery type=&#8220;image_grid&#8220; images=&#8220;958, 957, 956, 955, 954, 953, 952, 951, 950, 949, 948, 947, 946, 945, 944, 943, 942, 959, 941, 940, 939, 938, 937, 936, 935, 934, 933, 932, 931, 930&#8243; title=&#8220;Kv\u00edz kv\u00edzov (ukon\u010denie 3.s\u00e9rie)&#8220;][\/vc_column][\/vc_row]<\/p>\n","protected":false},"excerpt":{"rendered":"<p>[vc_row][vc_column][vc_gallery type=&#8220;image_grid&#8220; images=&#8220;666,667,668,669,670,671,672,673,674,675,676,677,678,679,680&#8243; title=&#8220;1. kv\u00edz&#8220;][\/vc_column][\/vc_row][vc_row][vc_column][vc_gallery type=&#8220;image_grid&#8220; images=&#8220;682,683&#8243; title=&#8220;2. kv\u00edz&#8220;][\/vc_column][\/vc_row][vc_row][vc_column][vc_gallery type=&#8220;image_grid&#8220; images=&#8220;685&#8243; title=&#8220;3. kv\u00edz&#8220;][\/vc_column][\/vc_row][vc_row][vc_column][vc_gallery type=&#8220;image_grid&#8220; images=&#8220;687,688,689,690,691,692,693,694,695,696,697,698,699,700,701,702&#8243; title=&#8220;4. kv\u00edz&#8220;][\/vc_column][\/vc_row][vc_row][vc_column][vc_gallery type=&#8220;image_grid&#8220; images=&#8220;704&#8243; title=&#8220;5. kv\u00edz&#8220;][\/vc_column][\/vc_row][vc_row][vc_column][vc_gallery type=&#8220;image_grid&#8220; images=&#8220;958, 957, 956, 955, 954, 953, 952, 951, 950, 949, 948, 947, 946, 945, 944, 943, 942, 959, 941, 940, 939, 938, 937, 936, 935, 934, 933, 932, 931, 930&#8243; title=&#8220;Kv\u00edz kv\u00edzov (ukon\u010denie [&hellip;]<\/p>\n","protected":false},"author":1,"featured_media":0,"parent":353,"menu_order":0,"comment_status":"closed","ping_status":"closed","template":"","meta":{"footnotes":""},"_links":{"self":[{"href":"http:\/\/www.tenisovecentrum.sk\/index.php?rest_route=\/wp\/v2\/pages\/663"}],"collection":[{"href":"http:\/\/www.tenisovecentrum.sk\/index.php?rest_route=\/wp\/v2\/pages"}],"about":[{"href":"http:\/\/www.tenisovecentrum.sk\/index.php?rest_route=\/wp\/v2\/types\/page"}],"author":[{"embeddable":true,"href":"http:\/\/www.tenisovecentrum.sk\/index.php?rest_route=\/wp\/v2\/users\/1"}],"replies":[{"embeddable":true,"href":"http:\/\/www.tenisovecentrum.sk\/index.php?rest_route=%2Fwp%2Fv2%2Fcomments&post=663"}],"version-history":[{"count":18,"href":"http:\/\/www.tenisovecentrum.sk\/index.php?rest_route=\/wp\/v2\/pages\/663\/revisions"}],"predecessor-version":[{"id":969,"href":"http:\/\/www.tenisovecentrum.sk\/index.php?rest_route=\/wp\/v2\/pages\/663\/revisions\/969"}],"up":[{"embeddable":true,"href":"http:\/\/www.tenisovecentrum.sk\/index.php?rest_route=\/wp\/v2\/pages\/353"}],"wp:attachment":[{"href":"http:\/\/www.tenisovecentrum.sk\/index.php?rest_route=%2Fwp%2Fv2%2Fmedia&parent=663"}],"curies":[{"name":"wp","href":"https:\/\/api.w.org\/{rel}","templated":true}]}}