{"id":73,"date":"2017-02-23T10:46:03","date_gmt":"2017-02-23T09:46:03","guid":{"rendered":"http:\/\/tc-bakalarskapraca.rhcloud.com\/?page_id=73"},"modified":"2017-05-18T21:09:56","modified_gmt":"2017-05-18T19:09:56","slug":"klzisko","status":"publish","type":"page","link":"http:\/\/www.tenisovecentrum.sk\/?page_id=73","title":{"rendered":"Klzisko"},"content":{"rendered":"<p>[vc_row][vc_column][vc_column_text]Antukov\u00fd kurt \u010d\u00edslo 6 ka\u017edoro\u010dne v pr\u00edpade n\u00edzkych tepl\u00f4t zalievame a premie\u0148ame na pr\u00edrodn\u00e9 klzisko. Vy\u017eaduje si to nieko\u013eko d\u0148ov\u00e9 denn\u00e9 a no\u010dn\u00e9 polievanie na vytvorenie s\u00favislej vrstvy tak, aby bolo umo\u017enen\u00e9 verejn\u00e9 kor\u010du\u013eovanie nie len pre n\u00e1v\u0161tevn\u00edkov Tenisov\u00e9ho centra ale aj pre obyvate\u013eov Slovenskej \u013dup\u010de a \u0161irok\u00e9ho okolia. V\u010faka finan\u010dnej podpore z Obecn\u00e9ho \u00faradu v Slovenskej \u013dup\u010di a obetavej pr\u00e1ci Jozefa a Mateja Stankovcov sa tak m\u00f4\u017eeme te\u0161i\u0165 verejn\u00e9mu kor\u010du\u013eovaniu zadarmo.<\/p>\n<p><strong>Po 18-tej hodine a po vopred dohodnutom term\u00edne, je mo\u017en\u00e9 si \u013eadov\u00fa plochu rezervova\u0165 s umel\u00fdm osvetlen\u00edm, napr\u00edklad na hokejov\u00e9 z\u00e1pasy alebo tr\u00e9ningy.<\/strong><\/p>\n<p>U\u017e tradi\u010dn\u00fdm sa st\u00e1va janu\u00e1rov\u00fd hokejov\u00fd turnaj Memori\u00e1l Miroslava Stanka, ktor\u00e9ho sa z\u00fa\u010dast\u0148uj\u00fa t\u00edmy zo \u0161irok\u00e9ho okolia a vytvor\u00ed sa tak celodenn\u00e1 super partia a akcia.<\/p>\n<h4>Nap\u00edsali o n\u00e1s:<\/h4>\n<ul>\n<li><strong><a href=\"http:\/\/www.priekopnik.sk\/koculovanie-v-slovenskej-lupci-pod-holym-nebom\/\">http:\/\/www.priekopnik.sk\/koculovanie-v-slovenskej-lupci-pod-holym-nebom\/<\/a><\/strong><\/li>\n<li><strong><a href=\"https:\/\/nasabystrica.sme.sk\/c\/20070161\/korculovanie-v-slovenskej-lupci.html\">https:\/\/nasabystrica.sme.sk\/c\/20070161\/korculovanie-v-slovenskej-lupci.html<\/a><\/strong><\/li>\n<\/ul>\n<h4>Nato\u010dili o n\u00e1s:<\/h4>\n<ul>\n<li><strong><a href=\"http:\/\/www.tvhronka.sk\/spravodajstvo\/korculovat-bezkovat-sa-da-aj-meste\/\">http:\/\/www.tvhronka.sk\/spravodajstvo\/korculovat-bezkovat-sa-da-aj-meste\/<\/a><\/strong><\/li>\n<li><strong><a href=\"https:\/\/www.youtube.com\/watch?v=amfqxjNHpC0\">Kam \u00eds\u0165 kor\u010du\u013eova\u0165 v Banskej Bystrici?<\/a><\/strong><\/li>\n<li><strong><a href=\"https:\/\/www.youtube.com\/watch?v=JbPuRBqtMQ4\">Otec so synom urobili klzisko pre cel\u00fa dedinu<\/a><\/strong><\/li>\n<\/ul>\n<p>[\/vc_column_text][\/vc_column][\/vc_row][vc_row][vc_column][vc_gallery type=&#8220;image_grid&#8220; images=&#8220;328,329,330,337,336,335,334,333,332,331,338,339,340,341,342,343,344,351,350,349,348,347,346,345&#8243; title=&#8220;Fotogal\u00e9ria&#8220;][\/vc_column][\/vc_row]<\/p>\n","protected":false},"excerpt":{"rendered":"<p>[vc_row][vc_column][vc_column_text]Antukov\u00fd kurt \u010d\u00edslo 6 ka\u017edoro\u010dne v pr\u00edpade n\u00edzkych tepl\u00f4t zalievame a premie\u0148ame na pr\u00edrodn\u00e9 klzisko. Vy\u017eaduje si to nieko\u013eko d\u0148ov\u00e9 denn\u00e9 a no\u010dn\u00e9 polievanie na vytvorenie s\u00favislej vrstvy tak, aby bolo umo\u017enen\u00e9 verejn\u00e9 kor\u010du\u013eovanie nie len pre n\u00e1v\u0161tevn\u00edkov Tenisov\u00e9ho centra ale aj pre obyvate\u013eov Slovenskej \u013dup\u010de a \u0161irok\u00e9ho okolia. V\u010faka finan\u010dnej podpore z Obecn\u00e9ho \u00faradu [&hellip;]<\/p>\n","protected":false},"author":1,"featured_media":0,"parent":0,"menu_order":0,"comment_status":"closed","ping_status":"closed","template":"","meta":{"footnotes":""},"_links":{"self":[{"href":"http:\/\/www.tenisovecentrum.sk\/index.php?rest_route=\/wp\/v2\/pages\/73"}],"collection":[{"href":"http:\/\/www.tenisovecentrum.sk\/index.php?rest_route=\/wp\/v2\/pages"}],"about":[{"href":"http:\/\/www.tenisovecentrum.sk\/index.php?rest_route=\/wp\/v2\/types\/page"}],"author":[{"embeddable":true,"href":"http:\/\/www.tenisovecentrum.sk\/index.php?rest_route=\/wp\/v2\/users\/1"}],"replies":[{"embeddable":true,"href":"http:\/\/www.tenisovecentrum.sk\/index.php?rest_route=%2Fwp%2Fv2%2Fcomments&post=73"}],"version-history":[{"count":11,"href":"http:\/\/www.tenisovecentrum.sk\/index.php?rest_route=\/wp\/v2\/pages\/73\/revisions"}],"predecessor-version":[{"id":861,"href":"http:\/\/www.tenisovecentrum.sk\/index.php?rest_route=\/wp\/v2\/pages\/73\/revisions\/861"}],"wp:attachment":[{"href":"http:\/\/www.tenisovecentrum.sk\/index.php?rest_route=%2Fwp%2Fv2%2Fmedia&parent=73"}],"curies":[{"name":"wp","href":"https:\/\/api.w.org\/{rel}","templated":true}]}}