{"id":1089,"date":"2018-06-06T21:19:45","date_gmt":"2018-06-06T19:19:45","guid":{"rendered":"http:\/\/www.tenisovecentrum.sk\/?page_id=1089"},"modified":"2018-09-18T09:29:43","modified_gmt":"2018-09-18T07:29:43","slug":"rok-2018","status":"publish","type":"page","link":"https:\/\/www.tenisovecentrum.sk\/?page_id=1089","title":{"rendered":"Rok 2018"},"content":{"rendered":"<p>[vc_row][vc_column][vc_column_text]V roku 2018 sme pripravili a zorganizovali 2 medzin\u00e1rodn\u00e9 turnaje. Prv\u00fd sa odohral v j\u00fali v kateg\u00f3ri\u00ed do 16 rokov na okruhu TEJT. Druh\u00fd turnaj sa odohral v auguste v kateg\u00f3ri\u00ed do 18 rokov na okruhu ITF.[\/vc_column_text][\/vc_column][\/vc_row]<\/p>\n","protected":false},"excerpt":{"rendered":"<p>[vc_row][vc_column][vc_column_text]V roku 2018 sme pripravili a zorganizovali 2 medzin\u00e1rodn\u00e9 turnaje. Prv\u00fd sa odohral v j\u00fali v kateg\u00f3ri\u00ed do 16 rokov na okruhu TEJT. Druh\u00fd turnaj sa odohral v auguste v kateg\u00f3ri\u00ed do 18 rokov na okruhu ITF.[\/vc_column_text][\/vc_column][\/vc_row]<\/p>\n","protected":false},"author":1,"featured_media":0,"parent":30,"menu_order":0,"comment_status":"closed","ping_status":"closed","template":"","meta":{"footnotes":""},"_links":{"self":[{"href":"https:\/\/www.tenisovecentrum.sk\/index.php?rest_route=\/wp\/v2\/pages\/1089"}],"collection":[{"href":"https:\/\/www.tenisovecentrum.sk\/index.php?rest_route=\/wp\/v2\/pages"}],"about":[{"href":"https:\/\/www.tenisovecentrum.sk\/index.php?rest_route=\/wp\/v2\/types\/page"}],"author":[{"embeddable":true,"href":"https:\/\/www.tenisovecentrum.sk\/index.php?rest_route=\/wp\/v2\/users\/1"}],"replies":[{"embeddable":true,"href":"https:\/\/www.tenisovecentrum.sk\/index.php?rest_route=%2Fwp%2Fv2%2Fcomments&post=1089"}],"version-history":[{"count":2,"href":"https:\/\/www.tenisovecentrum.sk\/index.php?rest_route=\/wp\/v2\/pages\/1089\/revisions"}],"predecessor-version":[{"id":1099,"href":"https:\/\/www.tenisovecentrum.sk\/index.php?rest_route=\/wp\/v2\/pages\/1089\/revisions\/1099"}],"up":[{"embeddable":true,"href":"https:\/\/www.tenisovecentrum.sk\/index.php?rest_route=\/wp\/v2\/pages\/30"}],"wp:attachment":[{"href":"https:\/\/www.tenisovecentrum.sk\/index.php?rest_route=%2Fwp%2Fv2%2Fmedia&parent=1089"}],"curies":[{"name":"wp","href":"https:\/\/api.w.org\/{rel}","templated":true}]}}