{"id":1093,"date":"2018-06-06T21:27:11","date_gmt":"2018-06-06T19:27:11","guid":{"rendered":"http:\/\/www.tenisovecentrum.sk\/?page_id=1093"},"modified":"2018-06-06T21:27:26","modified_gmt":"2018-06-06T19:27:26","slug":"pepas-cup-itf-5-u18","status":"publish","type":"page","link":"https:\/\/www.tenisovecentrum.sk\/?page_id=1093","title":{"rendered":"Pepas Cup ITF 5 U18"},"content":{"rendered":"<p>Medzin\u00e1rodn\u00fd turnaj chlapcov a diev\u010dat do 18 rokov, ktor\u00fd sa uskuto\u010dn\u00ed na okruhu ITF (International Tennis Federation).<\/p>\n<p>Term\u00edn konania: od 13.8.2018 do 19.8.2018.<\/p>\n<p>Bli\u017e\u0161ie inform\u00e1cie v\u00e1m prinesieme u\u017e \u010doskoro.<\/p>\n","protected":false},"excerpt":{"rendered":"<p>Medzin\u00e1rodn\u00fd turnaj chlapcov a diev\u010dat do 18 rokov, ktor\u00fd sa uskuto\u010dn\u00ed na okruhu ITF (International Tennis Federation). Term\u00edn konania: od 13.8.2018 do 19.8.2018. Bli\u017e\u0161ie inform\u00e1cie v\u00e1m prinesieme u\u017e \u010doskoro.<\/p>\n","protected":false},"author":1,"featured_media":0,"parent":1089,"menu_order":0,"comment_status":"closed","ping_status":"closed","template":"","meta":{"footnotes":""},"_links":{"self":[{"href":"https:\/\/www.tenisovecentrum.sk\/index.php?rest_route=\/wp\/v2\/pages\/1093"}],"collection":[{"href":"https:\/\/www.tenisovecentrum.sk\/index.php?rest_route=\/wp\/v2\/pages"}],"about":[{"href":"https:\/\/www.tenisovecentrum.sk\/index.php?rest_route=\/wp\/v2\/types\/page"}],"author":[{"embeddable":true,"href":"https:\/\/www.tenisovecentrum.sk\/index.php?rest_route=\/wp\/v2\/users\/1"}],"replies":[{"embeddable":true,"href":"https:\/\/www.tenisovecentrum.sk\/index.php?rest_route=%2Fwp%2Fv2%2Fcomments&post=1093"}],"version-history":[{"count":1,"href":"https:\/\/www.tenisovecentrum.sk\/index.php?rest_route=\/wp\/v2\/pages\/1093\/revisions"}],"predecessor-version":[{"id":1094,"href":"https:\/\/www.tenisovecentrum.sk\/index.php?rest_route=\/wp\/v2\/pages\/1093\/revisions\/1094"}],"up":[{"embeddable":true,"href":"https:\/\/www.tenisovecentrum.sk\/index.php?rest_route=\/wp\/v2\/pages\/1089"}],"wp:attachment":[{"href":"https:\/\/www.tenisovecentrum.sk\/index.php?rest_route=%2Fwp%2Fv2%2Fmedia&parent=1093"}],"curies":[{"name":"wp","href":"https:\/\/api.w.org\/{rel}","templated":true}]}}