{"id":1100,"date":"2018-09-18T09:42:06","date_gmt":"2018-09-18T07:42:06","guid":{"rendered":"http:\/\/www.tenisovecentrum.sk\/?page_id=1100"},"modified":"2018-09-18T13:34:23","modified_gmt":"2018-09-18T11:34:23","slug":"itf-u18","status":"publish","type":"page","link":"https:\/\/www.tenisovecentrum.sk\/?page_id=1100","title":{"rendered":"ITF U18"},"content":{"rendered":"<p>[vc_row][vc_column][vc_column_text]O 13.augusta do 19.augusta sa v priestoroch Tenisov\u00e9ho centra v Slovenskej \u013dup\u010di odohral medzin\u00e1rodn\u00fd turnaj na okruhu International Tennis Federation do 18 rokov chlapcov aj diev\u010dat. Turnaj Pepas cup 2018 ITF U18 F5 mal na na\u0161ej p\u00f4de premi\u00e9ru.<\/p>\n<p>Turnaj za\u010dal kvalifik\u00e1ciou. Hlavn\u00e1 s\u00fa\u0165a\u017e od\u0161tartovala v utorok a vyvrcholila nede\u013e\u0148aj\u0161\u00edmi fin\u00e1lov\u00fdmi z\u00e1pasmi. Ve\u013ek\u00e9mu \u00faspechu sa te\u0161il slovensk\u00fd tenis. V\u0161etk\u00fdm z\u00fa\u010dastnen\u00fdm hr\u00e1\u010dom \u010fakujeme za \u00fa\u010das\u0165, fair-play hru a \u0161portov\u00e9 spr\u00e1vanie. Te\u0161\u00edme sa na \u010fal\u0161ie ro\u010dn\u00edky a \u017eel\u00e1me v\u0161etk\u00fdm e\u0161te ve\u013ea tenisov\u00fdch \u0161portov\u00fdch \u00faspechov.<\/p>\n<p><span class=\"_5mfr _47e3\"><img loading=\"lazy\" decoding=\"async\" class=\"img\" role=\"presentation\" src=\"https:\/\/static.xx.fbcdn.net\/images\/emoji.php\/v9\/fce\/1\/16\/1f3be.png\" alt=\"\" width=\"16\" height=\"16\" \/><span class=\"_7oe\">\ud83c\udfbe<\/span><\/span>Fin\u00e1le a v\u00fdsledky \u0161tvorhry<span class=\"_5mfr _47e3\"><img loading=\"lazy\" decoding=\"async\" class=\"img\" role=\"presentation\" src=\"https:\/\/static.xx.fbcdn.net\/images\/emoji.php\/v9\/fce\/1\/16\/1f3be.png\" alt=\"\" width=\"16\" height=\"16\" \/><span class=\"_7oe\">\ud83c\udfbe<\/span><\/span><br \/>\n<span class=\"_5mfr _47e3\"><img loading=\"lazy\" decoding=\"async\" class=\"img\" role=\"presentation\" src=\"https:\/\/static.xx.fbcdn.net\/images\/emoji.php\/v9\/fef\/1\/16\/1f535.png\" alt=\"\" width=\"16\" height=\"16\" \/><span class=\"_7oe\">\ud83d\udd35<\/span><\/span>CHLAPCI (BOYS DOUBLES)<br \/>\n<span class=\"_5mfr _47e3\"><img loading=\"lazy\" decoding=\"async\" class=\"img\" role=\"presentation\" src=\"https:\/\/static.xx.fbcdn.net\/images\/emoji.php\/v9\/f94\/1\/16\/1f947.png\" alt=\"\" width=\"16\" height=\"16\" \/><span class=\"_7oe\">\ud83e\udd47<\/span><\/span>1.miesto<br \/>\nCasucci (ITA)\u00a0<span class=\"_5mfr _47e3\"><img loading=\"lazy\" decoding=\"async\" class=\"img\" role=\"presentation\" src=\"https:\/\/static.xx.fbcdn.net\/images\/emoji.php\/v9\/fb9\/1\/16\/1f1ee_1f1f9.png\" alt=\"\" width=\"16\" height=\"16\" \/><span class=\"_7oe\">\ud83c\uddee\ud83c\uddf9<\/span><\/span><span class=\"text_exposed_show\"><br \/>\nSchroer (LUX)\u00a0<span class=\"_5mfr _47e3\"><img loading=\"lazy\" decoding=\"async\" class=\"img\" role=\"presentation\" src=\"https:\/\/static.xx.fbcdn.net\/images\/emoji.php\/v9\/f5e\/1\/16\/1f1f3_1f1f1.png\" alt=\"\" width=\"16\" height=\"16\" \/><span class=\"_7oe\">\ud83c\uddf3\ud83c\uddf1<\/span><\/span><br \/>\n<span class=\"_5mfr _47e3\"><img loading=\"lazy\" decoding=\"async\" class=\"img\" role=\"presentation\" src=\"https:\/\/static.xx.fbcdn.net\/images\/emoji.php\/v9\/f15\/1\/16\/1f948.png\" alt=\"\" width=\"16\" height=\"16\" \/><span class=\"_7oe\">\ud83e\udd48<\/span><\/span>2.miesto<br \/>\nPaveska (AUS)\u00a0<span class=\"_5mfr _47e3\"><img loading=\"lazy\" decoding=\"async\" class=\"img\" role=\"presentation\" src=\"https:\/\/static.xx.fbcdn.net\/images\/emoji.php\/v9\/f72\/1\/16\/1f1e6_1f1fa.png\" alt=\"\" width=\"16\" height=\"16\" \/><span class=\"_7oe\">\ud83c\udde6\ud83c\uddfa<\/span><\/span><br \/>\nZhou (CHN)\u00a0<span class=\"_5mfr _47e3\"><img loading=\"lazy\" decoding=\"async\" class=\"img\" role=\"presentation\" src=\"https:\/\/static.xx.fbcdn.net\/images\/emoji.php\/v9\/fc6\/1\/16\/1f1e8_1f1f3.png\" alt=\"\" width=\"16\" height=\"16\" \/><span class=\"_7oe\">\ud83c\udde8\ud83c\uddf3<\/span><\/span><br \/>\n<span class=\"_5mfr _47e3\"><img loading=\"lazy\" decoding=\"async\" class=\"img\" role=\"presentation\" src=\"https:\/\/static.xx.fbcdn.net\/images\/emoji.php\/v9\/f6e\/1\/16\/1f534.png\" alt=\"\" width=\"16\" height=\"16\" \/><span class=\"_7oe\">\ud83d\udd34<\/span><\/span>DIEV\u010cAT\u00c1 (GIRLS DOUBLES)<br \/>\n<span class=\"_5mfr _47e3\"><img loading=\"lazy\" decoding=\"async\" class=\"img\" role=\"presentation\" src=\"https:\/\/static.xx.fbcdn.net\/images\/emoji.php\/v9\/f94\/1\/16\/1f947.png\" alt=\"\" width=\"16\" height=\"16\" \/><span class=\"_7oe\">\ud83e\udd47<\/span><\/span>1.miesto<br \/>\nMarusinova (SVK)\u00a0<span class=\"_5mfr _47e3\"><img loading=\"lazy\" decoding=\"async\" class=\"img\" role=\"presentation\" src=\"https:\/\/static.xx.fbcdn.net\/images\/emoji.php\/v9\/fa2\/1\/16\/1f1f8_1f1f0.png\" alt=\"\" width=\"16\" height=\"16\" \/><span class=\"_7oe\">\ud83c\uddf8\ud83c\uddf0<\/span><\/span><br \/>\nSuchankova (SVK)\u00a0<span class=\"_5mfr _47e3\"><img loading=\"lazy\" decoding=\"async\" class=\"img\" role=\"presentation\" src=\"https:\/\/static.xx.fbcdn.net\/images\/emoji.php\/v9\/fa2\/1\/16\/1f1f8_1f1f0.png\" alt=\"\" width=\"16\" height=\"16\" \/><span class=\"_7oe\">\ud83c\uddf8\ud83c\uddf0<\/span><\/span><br \/>\n<span class=\"_5mfr _47e3\"><img loading=\"lazy\" decoding=\"async\" class=\"img\" role=\"presentation\" src=\"https:\/\/static.xx.fbcdn.net\/images\/emoji.php\/v9\/f15\/1\/16\/1f948.png\" alt=\"\" width=\"16\" height=\"16\" \/><span class=\"_7oe\">\ud83e\udd48<\/span><\/span>2.miesto<br \/>\nBehulova (SVK)\u00a0<span class=\"_5mfr _47e3\"><img loading=\"lazy\" decoding=\"async\" class=\"img\" role=\"presentation\" src=\"https:\/\/static.xx.fbcdn.net\/images\/emoji.php\/v9\/fa2\/1\/16\/1f1f8_1f1f0.png\" alt=\"\" width=\"16\" height=\"16\" \/><span class=\"_7oe\">\ud83c\uddf8\ud83c\uddf0<\/span><\/span><br \/>\nKadleckova (SVK)\u00a0<span class=\"_5mfr _47e3\"><img loading=\"lazy\" decoding=\"async\" class=\"img\" role=\"presentation\" src=\"https:\/\/static.xx.fbcdn.net\/images\/emoji.php\/v9\/fa2\/1\/16\/1f1f8_1f1f0.png\" alt=\"\" width=\"16\" height=\"16\" \/><span class=\"_7oe\">\ud83c\uddf8\ud83c\uddf0<\/span><\/span><\/span><\/p>\n<p><span class=\"_5mfr _47e3\"><img loading=\"lazy\" decoding=\"async\" class=\"img\" role=\"presentation\" src=\"https:\/\/static.xx.fbcdn.net\/images\/emoji.php\/v9\/fef\/1\/16\/1f535.png\" alt=\"\" width=\"16\" height=\"16\" \/><span class=\"_7oe\">\ud83d\udd35<\/span><\/span>CHLAPCI (BOYS SINGLES)<br \/>\n<span class=\"_5mfr _47e3\"><img loading=\"lazy\" decoding=\"async\" class=\"img\" role=\"presentation\" src=\"https:\/\/static.xx.fbcdn.net\/images\/emoji.php\/v9\/f94\/1\/16\/1f947.png\" alt=\"\" width=\"16\" height=\"16\" \/><span class=\"_7oe\">\ud83e\udd47<\/span><\/span>1.miesto J\u00e1no\u0161 Fekete\u00a0<span class=\"_5mfr _47e3\"><img loading=\"lazy\" decoding=\"async\" class=\"img\" role=\"presentation\" src=\"https:\/\/static.xx.fbcdn.net\/images\/emoji.php\/v9\/fa2\/1\/16\/1f1f8_1f1f0.png\" alt=\"\" width=\"16\" height=\"16\" \/><span class=\"_7oe\">\ud83c\uddf8\ud83c\uddf0<\/span><\/span><br \/>\n<span class=\"_5mfr _47e3\"><img loading=\"lazy\" decoding=\"async\" class=\"img\" role=\"presentation\" src=\"https:\/\/static.xx.fbcdn.net\/images\/emoji.php\/v9\/f15\/1\/16\/1f948.png\" alt=\"\" width=\"16\" height=\"16\" \/><span class=\"_7oe\">\ud83e\udd48<\/span><\/span>2.miesto Adam Arbet\u00a0<span class=\"_5mfr _47e3\"><img loading=\"lazy\" decoding=\"async\" class=\"img\" role=\"presentation\" src=\"https:\/\/static.xx.fbcdn.net\/images\/emoji.php\/v9\/fa2\/1\/16\/1f1f8_1f1f0.png\" alt=\"\" width=\"16\" height=\"16\" \/><span class=\"_7oe\">\ud83c\uddf8\ud83c\uddf0<\/span><\/span><span class=\"text_exposed_show\"><br \/>\n<span class=\"_5mfr _47e3\"><img loading=\"lazy\" decoding=\"async\" class=\"img\" role=\"presentation\" src=\"https:\/\/static.xx.fbcdn.net\/images\/emoji.php\/v9\/f6e\/1\/16\/1f534.png\" alt=\"\" width=\"16\" height=\"16\" \/><span class=\"_7oe\">\ud83d\udd34<\/span><\/span>DIEV\u010cAT\u00c1 (GIRLS SINGLES)<br \/>\n<span class=\"_5mfr _47e3\"><img loading=\"lazy\" decoding=\"async\" class=\"img\" role=\"presentation\" src=\"https:\/\/static.xx.fbcdn.net\/images\/emoji.php\/v9\/f94\/1\/16\/1f947.png\" alt=\"\" width=\"16\" height=\"16\" \/><span class=\"_7oe\">\ud83e\udd47<\/span><\/span>Michaela Kadle\u010dkov\u00e1\u00a0<span class=\"_5mfr _47e3\"><img loading=\"lazy\" decoding=\"async\" class=\"img\" role=\"presentation\" src=\"https:\/\/static.xx.fbcdn.net\/images\/emoji.php\/v9\/fa2\/1\/16\/1f1f8_1f1f0.png\" alt=\"\" width=\"16\" height=\"16\" \/><span class=\"_7oe\">\ud83c\uddf8\ud83c\uddf0<\/span><\/span><br \/>\n<span class=\"_5mfr _47e3\"><img loading=\"lazy\" decoding=\"async\" class=\"img\" role=\"presentation\" src=\"https:\/\/static.xx.fbcdn.net\/images\/emoji.php\/v9\/f15\/1\/16\/1f948.png\" alt=\"\" width=\"16\" height=\"16\" \/><span class=\"_7oe\">\ud83e\udd48<\/span><\/span>Barbora Palicov\u00e1\u00a0<span class=\"_5mfr _47e3\"><img loading=\"lazy\" decoding=\"async\" class=\"img\" role=\"presentation\" src=\"https:\/\/static.xx.fbcdn.net\/images\/emoji.php\/v9\/f79\/1\/16\/1f1e8_1f1ff.png\" alt=\"\" width=\"16\" height=\"16\" \/><span class=\"_7oe\">\ud83c\udde8\ud83c\uddff<\/span><\/span><\/span><\/p>\n<p>&nbsp;[\/vc_column_text][\/vc_column][\/vc_row][vc_row][vc_column][vc_gallery type=&#8220;image_grid&#8220; images=&#8220;1101,1102,1103,1104,1105&#8243; img_size=&#8220;medium&#8220;][\/vc_column][\/vc_row]<\/p>\n","protected":false},"excerpt":{"rendered":"<p>[vc_row][vc_column][vc_column_text]O 13.augusta do 19.augusta sa v priestoroch Tenisov\u00e9ho centra v Slovenskej \u013dup\u010di odohral medzin\u00e1rodn\u00fd turnaj na okruhu International Tennis Federation do 18 rokov chlapcov aj diev\u010dat. Turnaj Pepas cup 2018 ITF U18 F5 mal na na\u0161ej p\u00f4de premi\u00e9ru. Turnaj za\u010dal kvalifik\u00e1ciou. Hlavn\u00e1 s\u00fa\u0165a\u017e od\u0161tartovala v utorok a vyvrcholila nede\u013e\u0148aj\u0161\u00edmi fin\u00e1lov\u00fdmi z\u00e1pasmi. Ve\u013ek\u00e9mu \u00faspechu sa te\u0161il [&hellip;]<\/p>\n","protected":false},"author":1,"featured_media":0,"parent":1089,"menu_order":0,"comment_status":"closed","ping_status":"closed","template":"","meta":{"footnotes":""},"_links":{"self":[{"href":"https:\/\/www.tenisovecentrum.sk\/index.php?rest_route=\/wp\/v2\/pages\/1100"}],"collection":[{"href":"https:\/\/www.tenisovecentrum.sk\/index.php?rest_route=\/wp\/v2\/pages"}],"about":[{"href":"https:\/\/www.tenisovecentrum.sk\/index.php?rest_route=\/wp\/v2\/types\/page"}],"author":[{"embeddable":true,"href":"https:\/\/www.tenisovecentrum.sk\/index.php?rest_route=\/wp\/v2\/users\/1"}],"replies":[{"embeddable":true,"href":"https:\/\/www.tenisovecentrum.sk\/index.php?rest_route=%2Fwp%2Fv2%2Fcomments&post=1100"}],"version-history":[{"count":3,"href":"https:\/\/www.tenisovecentrum.sk\/index.php?rest_route=\/wp\/v2\/pages\/1100\/revisions"}],"predecessor-version":[{"id":1122,"href":"https:\/\/www.tenisovecentrum.sk\/index.php?rest_route=\/wp\/v2\/pages\/1100\/revisions\/1122"}],"up":[{"embeddable":true,"href":"https:\/\/www.tenisovecentrum.sk\/index.php?rest_route=\/wp\/v2\/pages\/1089"}],"wp:attachment":[{"href":"https:\/\/www.tenisovecentrum.sk\/index.php?rest_route=%2Fwp%2Fv2%2Fmedia&parent=1100"}],"curies":[{"name":"wp","href":"https:\/\/api.w.org\/{rel}","templated":true}]}}