{"id":1116,"date":"2018-09-18T13:23:31","date_gmt":"2018-09-18T11:23:31","guid":{"rendered":"http:\/\/www.tenisovecentrum.sk\/?page_id=1116"},"modified":"2018-09-18T13:40:38","modified_gmt":"2018-09-18T11:40:38","slug":"tejt-3-u16","status":"publish","type":"page","link":"https:\/\/www.tenisovecentrum.sk\/?page_id=1116","title":{"rendered":"TEJT 3 U16"},"content":{"rendered":"<p>[vc_row][vc_column][vc_column_text]<img loading=\"lazy\" decoding=\"async\" class=\"size-medium wp-image-1117 alignleft\" src=\"http:\/\/www.tenisovecentrum.sk\/wp-content\/uploads\/2018\/09\/36682070_2183411801894562_99747548842950656_o-212x300.jpg\" alt=\"\" width=\"212\" height=\"300\" srcset=\"https:\/\/www.tenisovecentrum.sk\/wp-content\/uploads\/2018\/09\/36682070_2183411801894562_99747548842950656_o-212x300.jpg 212w, https:\/\/www.tenisovecentrum.sk\/wp-content\/uploads\/2018\/09\/36682070_2183411801894562_99747548842950656_o-768x1089.jpg 768w, https:\/\/www.tenisovecentrum.sk\/wp-content\/uploads\/2018\/09\/36682070_2183411801894562_99747548842950656_o-722x1024.jpg 722w, https:\/\/www.tenisovecentrum.sk\/wp-content\/uploads\/2018\/09\/36682070_2183411801894562_99747548842950656_o-600x851.jpg 600w, https:\/\/www.tenisovecentrum.sk\/wp-content\/uploads\/2018\/09\/36682070_2183411801894562_99747548842950656_o.jpg 1444w\" sizes=\"(max-width: 212px) 100vw, 212px\" \/>V \u010dase od 9.j\u00fala do 15.j\u00fala 2018 sa v priestoroch Tenisov\u00e9ho centra v Slovenskej \u013dup\u010di uskuto\u010dnil, v porad\u00ed tret\u00ed rok za sebou, turnaj chlapcov a diev\u010dat do 16 rokov na okruhu Tennis Europe Junior Tour.<\/p>\n<p>Fin\u00e1le diev\u010denskej \u0161tvorhry<span class=\"_5mfr _47e3\"><img loading=\"lazy\" decoding=\"async\" class=\"img\" role=\"presentation\" src=\"https:\/\/static.xx.fbcdn.net\/images\/emoji.php\/v9\/fce\/1\/16\/1f3be.png\" alt=\"\" width=\"16\" height=\"16\" \/><span class=\"_7oe\">\ud83c\udfbe<\/span><\/span><br \/>\nV\u00ed\u0165azkami sa na na\u0161e ve\u013ek\u00e9 pote\u0161enie stali slovensk\u00e9 tenistky<span class=\"_5mfr _47e3\"><img loading=\"lazy\" decoding=\"async\" class=\"img\" role=\"presentation\" src=\"https:\/\/static.xx.fbcdn.net\/images\/emoji.php\/v9\/fa2\/1\/16\/1f1f8_1f1f0.png\" alt=\"\" width=\"16\" height=\"16\" \/><span class=\"_7oe\">\ud83c\uddf8\ud83c\uddf0<\/span><\/span>\u00a0Balus a Tothova<span class=\"_5mfr _47e3\"><img loading=\"lazy\" decoding=\"async\" class=\"img\" role=\"presentation\" src=\"https:\/\/static.xx.fbcdn.net\/images\/emoji.php\/v9\/fa2\/1\/16\/1f1f8_1f1f0.png\" alt=\"\" width=\"16\" height=\"16\" \/><span class=\"_7oe\">\ud83c\uddf8\ud83c\uddf0<\/span><\/span>, ktor\u00e9 zdolali rusko-ukrajinsk\u00fd double Stepanenko a Yeshmanova.<br \/>\n<span class=\"_5mfr _47e3\"><img loading=\"lazy\" decoding=\"async\" class=\"img\" role=\"presentation\" src=\"https:\/\/static.xx.fbcdn.net\/images\/emoji.php\/v9\/fce\/1\/16\/1f3be.png\" alt=\"\" width=\"16\" height=\"16\" \/><span class=\"_7oe\">\ud83c\udfbe<\/span><\/span>semifin\u00e1le chlapci<span class=\"_5mfr _47e3\"><img loading=\"lazy\" decoding=\"async\" class=\"img\" role=\"presentation\" src=\"https:\/\/static.xx.fbcdn.net\/images\/emoji.php\/v9\/fce\/1\/16\/1f3be.png\" alt=\"\" width=\"16\" height=\"16\" \/><span class=\"_7oe\">\ud83c\udfbe<\/span><\/span><br \/>\nPred br\u00e1nami fin\u00e1le a v tenise nie a\u017e tak ob\u013e\u00faben\u00e9 3.miesto,si z tohtoro\u010dn\u00e9ho turnaja odn\u00e1\u0161aj\u00fa\u00a0<span class=\"_5mfr _47e3\"><img loading=\"lazy\" decoding=\"async\" class=\"img\" role=\"presentation\" src=\"https:\/\/static.xx.fbcdn.net\/images\/emoji.php\/v9\/fe0\/1\/16\/1f1f5_1f1f1.png\" alt=\"\" width=\"16\" height=\"16\" \/><span class=\"_7oe\">\ud83c\uddf5\ud83c\uddf1<\/span><\/span>Orlikowski a\u00a0<span class=\"_5mfr _47e3\"><img loading=\"lazy\" decoding=\"async\" class=\"img\" role=\"presentation\" src=\"https:\/\/static.xx.fbcdn.net\/images\/emoji.php\/v9\/fa2\/1\/16\/1f1f8_1f1f0.png\" alt=\"\" width=\"16\" height=\"16\" \/><span class=\"_7oe\">\ud83c\uddf8\ud83c\uddf0<\/span><\/span>Zilkay<span class=\"text_exposed_show\"><br \/>\n<span class=\"_5mfr _47e3\"><img loading=\"lazy\" decoding=\"async\" class=\"img\" role=\"presentation\" src=\"https:\/\/static.xx.fbcdn.net\/images\/emoji.php\/v9\/fce\/1\/16\/1f3be.png\" alt=\"\" width=\"16\" height=\"16\" \/><span class=\"_7oe\">\ud83c\udfbe<\/span><\/span>semifin\u00e1le diev\u010dat\u00e1<span class=\"_5mfr _47e3\"><img loading=\"lazy\" decoding=\"async\" class=\"img\" role=\"presentation\" src=\"https:\/\/static.xx.fbcdn.net\/images\/emoji.php\/v9\/fce\/1\/16\/1f3be.png\" alt=\"\" width=\"16\" height=\"16\" \/><span class=\"_7oe\">\ud83c\udfbe<\/span><\/span><br \/>\nNa fin\u00e1le nesta\u010dili sily ani\u00a0<span class=\"_5mfr _47e3\"><img loading=\"lazy\" decoding=\"async\" class=\"img\" role=\"presentation\" src=\"https:\/\/static.xx.fbcdn.net\/images\/emoji.php\/v9\/fe0\/1\/16\/1f1f5_1f1f1.png\" alt=\"\" width=\"16\" height=\"16\" \/><span class=\"_7oe\">\ud83c\uddf5\ud83c\uddf1<\/span><\/span>Lezniak a\u00a0<span class=\"_5mfr _47e3\"><img loading=\"lazy\" decoding=\"async\" class=\"img\" role=\"presentation\" src=\"https:\/\/static.xx.fbcdn.net\/images\/emoji.php\/v9\/f92\/1\/16\/1f1f7_1f1fa.png\" alt=\"\" width=\"16\" height=\"16\" \/><span class=\"_7oe\">\ud83c\uddf7\ud83c\uddfa<\/span><\/span>Stepanenko,ktor\u00e9 si zo Slovenskej \u013dup\u010de odn\u00e1\u0161aj\u00fa 3.miesto<\/span><\/p>\n<p><span class=\"_5mfr _47e3\"><img loading=\"lazy\" decoding=\"async\" class=\"img\" role=\"presentation\" src=\"https:\/\/static.xx.fbcdn.net\/images\/emoji.php\/v9\/ff4\/1\/16\/2728.png\" alt=\"\" width=\"16\" height=\"16\" \/><span class=\"_7oe\">\u2728<\/span><\/span>\u00a0V diev\u010denskej kateg\u00f3rii sa v\u00ed\u0165azkou medzin\u00e1rodn\u00e9ho turnaja Pepas cup 2018 TEJT U16 stala slovensk\u00e1 tenistka Salma Drugdov\u00e1\u00a0<span class=\"_5mfr _47e3\"><img loading=\"lazy\" decoding=\"async\" class=\"img\" role=\"presentation\" src=\"https:\/\/static.xx.fbcdn.net\/images\/emoji.php\/v9\/fa2\/1\/16\/1f1f8_1f1f0.png\" alt=\"\" width=\"16\" height=\"16\" \/><span class=\"_7oe\">\ud83c\uddf8\ud83c\uddf0<\/span><\/span>\u00a0Obrovsk\u00e1 gratul\u00e1cia\u00a0<span class=\"_5mfr _47e3\"><img loading=\"lazy\" decoding=\"async\" class=\"img\" role=\"presentation\" src=\"https:\/\/static.xx.fbcdn.net\/images\/emoji.php\/v9\/f94\/1\/16\/1f947.png\" alt=\"\" width=\"16\" height=\"16\" \/><span class=\"_7oe\">\ud83e\udd47<\/span><\/span>\u00a0Najlep\u0161\u00edm z chlapcov sa stal ukrajinec Bielinskyi\u00a0<span class=\"_5mfr _47e3\"><img loading=\"lazy\" decoding=\"async\" class=\"img\" role=\"presentation\" src=\"https:\/\/static.xx.fbcdn.net\/images\/emoji.php\/v9\/ff2\/1\/16\/1f1fa_1f1e6.png\" alt=\"\" width=\"16\" height=\"16\" \/><span class=\"_7oe\">\ud83c\uddfa\ud83c\udde6<\/span><\/span>Srde\u010dne gratulujeme! Rovnako tak aj zdolan\u00fdm finalistom srbke Mrvi\u010d<span class=\"_5mfr _47e3\"><img loading=\"lazy\" decoding=\"async\" class=\"img\" role=\"presentation\" src=\"https:\/\/static.xx.fbcdn.net\/images\/emoji.php\/v9\/fe9\/1\/16\/1f1f7_1f1f8.png\" alt=\"\" width=\"16\" height=\"16\" \/><span class=\"_7oe\">\ud83c\uddf7\ud83c\uddf8<\/span><\/span>\u00a0a Zapletalovi z \u010ceskej republiky<span class=\"_5mfr _47e3\"><img loading=\"lazy\" decoding=\"async\" class=\"img\" role=\"presentation\" src=\"https:\/\/static.xx.fbcdn.net\/images\/emoji.php\/v9\/f79\/1\/16\/1f1e8_1f1ff.png\" alt=\"\" width=\"16\" height=\"16\" \/><span class=\"_7oe\">\ud83c\udde8\ud83c\uddff<\/span><\/span>\u010eakujeme za \u00fa\u010das\u0165 na na\u0161om turnaji a \u017eel\u00e1me e\u0161te ve\u013ea tenisov\u00fdch \u00faspechov<span class=\"_5mfr _47e3\"><img loading=\"lazy\" decoding=\"async\" class=\"img\" role=\"presentation\" src=\"https:\/\/static.xx.fbcdn.net\/images\/emoji.php\/v9\/fce\/1\/16\/1f3be.png\" alt=\"\" width=\"16\" height=\"16\" \/><span class=\"_7oe\">\ud83c\udfbe<\/span><\/span>\u00a0Rovnako \u010fakujeme v\u0161etk\u00fdm,ktor\u00ed svojou \u00fa\u010das\u0165ou a pr\u00e1cou pomohli k hladk\u00e9mu priebehu turnaja a aj v\u010faka nim sme sa dopracovali\u00a0 do \u00faspe\u0161n\u00e9ho konca<span class=\"_5mfr _47e3\"><img loading=\"lazy\" decoding=\"async\" class=\"img\" role=\"presentation\" src=\"https:\/\/static.xx.fbcdn.net\/images\/emoji.php\/v9\/f77\/1\/16\/1f44d_1f3fb.png\" alt=\"\" width=\"16\" height=\"16\" \/><span class=\"_7oe\">\ud83d\udc4d\ud83c\udffb<\/span><\/span><\/p>\n<div class=\"_3x-2\" data-ft=\"{&quot;tn&quot;:&quot;H&quot;}\">\n<div data-ft=\"{&quot;tn&quot;:&quot;H&quot;}\">\n<div class=\"mtm\">\n<div class=\"_2a2q _65sr\"><\/div>\n<\/div>\n<\/div>\n<\/div>\n<p>[\/vc_column_text][\/vc_column][\/vc_row][vc_row][vc_column][vc_gallery type=&#8220;image_grid&#8220; images=&#8220;1123,1124,1125,1126,1127,1128&#8243;][\/vc_column][\/vc_row]<\/p>\n","protected":false},"excerpt":{"rendered":"<p>[vc_row][vc_column][vc_column_text]V \u010dase od 9.j\u00fala do 15.j\u00fala 2018 sa v priestoroch Tenisov\u00e9ho centra v Slovenskej \u013dup\u010di uskuto\u010dnil, v porad\u00ed tret\u00ed rok za sebou, turnaj chlapcov a diev\u010dat do 16 rokov na okruhu Tennis Europe Junior Tour. Fin\u00e1le diev\u010denskej \u0161tvorhry\ud83c\udfbe V\u00ed\u0165azkami sa na na\u0161e ve\u013ek\u00e9 pote\u0161enie stali slovensk\u00e9 tenistky\ud83c\uddf8\ud83c\uddf0\u00a0Balus a Tothova\ud83c\uddf8\ud83c\uddf0, ktor\u00e9 zdolali rusko-ukrajinsk\u00fd double Stepanenko a [&hellip;]<\/p>\n","protected":false},"author":1,"featured_media":0,"parent":1089,"menu_order":2,"comment_status":"closed","ping_status":"closed","template":"","meta":{"footnotes":""},"_links":{"self":[{"href":"https:\/\/www.tenisovecentrum.sk\/index.php?rest_route=\/wp\/v2\/pages\/1116"}],"collection":[{"href":"https:\/\/www.tenisovecentrum.sk\/index.php?rest_route=\/wp\/v2\/pages"}],"about":[{"href":"https:\/\/www.tenisovecentrum.sk\/index.php?rest_route=\/wp\/v2\/types\/page"}],"author":[{"embeddable":true,"href":"https:\/\/www.tenisovecentrum.sk\/index.php?rest_route=\/wp\/v2\/users\/1"}],"replies":[{"embeddable":true,"href":"https:\/\/www.tenisovecentrum.sk\/index.php?rest_route=%2Fwp%2Fv2%2Fcomments&post=1116"}],"version-history":[{"count":2,"href":"https:\/\/www.tenisovecentrum.sk\/index.php?rest_route=\/wp\/v2\/pages\/1116\/revisions"}],"predecessor-version":[{"id":1129,"href":"https:\/\/www.tenisovecentrum.sk\/index.php?rest_route=\/wp\/v2\/pages\/1116\/revisions\/1129"}],"up":[{"embeddable":true,"href":"https:\/\/www.tenisovecentrum.sk\/index.php?rest_route=\/wp\/v2\/pages\/1089"}],"wp:attachment":[{"href":"https:\/\/www.tenisovecentrum.sk\/index.php?rest_route=%2Fwp%2Fv2%2Fmedia&parent=1116"}],"curies":[{"name":"wp","href":"https:\/\/api.w.org\/{rel}","templated":true}]}}