{"id":119,"date":"2017-02-23T12:07:55","date_gmt":"2017-02-23T11:07:55","guid":{"rendered":"http:\/\/tc-bakalarskapraca.rhcloud.com\/?page_id=119"},"modified":"2017-07-07T15:39:26","modified_gmt":"2017-07-07T13:39:26","slug":"uspechy","status":"publish","type":"page","link":"https:\/\/www.tenisovecentrum.sk\/?page_id=119","title":{"rendered":"\u00daspechy"},"content":{"rendered":"<p>[vc_row][vc_column][vc_column_text]Tenisov\u00e1 \u0161kola Pepas prezentovala svoju \u010dinnos\u0165 aj na tradi\u010dnom Tur\u00ed\u010dnom jarmoku v Slovenskej \u013dup\u010di. Spojenie trad\u00edcie a \u0161portu prinieslo o\u017eivenie a spestrenie sprievodu obcou, ktor\u00fd je ofici\u00e1lnym za\u010diatkom cel\u00e9ho jarmoku. D\u00fafame, \u017ee sa v\u00e1m na\u0161a premi\u00e9rov\u00e1 \u00fa\u010das\u0165 na tomto podujat\u00ed p\u00e1\u010dila rovnako ako n\u00e1m. \ud83d\ude42 <img loading=\"lazy\" decoding=\"async\" class=\"alignnone size-medium wp-image-1024\" src=\"http:\/\/www.tenisovecentrum.sk\/wp-content\/uploads\/2017\/02\/18342146_995184707251593_1513063448898299662_n-300x225.jpg\" alt=\"\" width=\"300\" height=\"225\" srcset=\"https:\/\/www.tenisovecentrum.sk\/wp-content\/uploads\/2017\/02\/18342146_995184707251593_1513063448898299662_n-300x225.jpg 300w, https:\/\/www.tenisovecentrum.sk\/wp-content\/uploads\/2017\/02\/18342146_995184707251593_1513063448898299662_n-768x576.jpg 768w, https:\/\/www.tenisovecentrum.sk\/wp-content\/uploads\/2017\/02\/18342146_995184707251593_1513063448898299662_n.jpg 960w\" sizes=\"(max-width: 300px) 100vw, 300px\" \/><img loading=\"lazy\" decoding=\"async\" class=\"alignnone size-medium wp-image-1025\" src=\"http:\/\/www.tenisovecentrum.sk\/wp-content\/uploads\/2017\/02\/18740503_995194463917284_7211865841004508641_n-300x225.jpg\" alt=\"\" width=\"300\" height=\"225\" srcset=\"https:\/\/www.tenisovecentrum.sk\/wp-content\/uploads\/2017\/02\/18740503_995194463917284_7211865841004508641_n-300x225.jpg 300w, https:\/\/www.tenisovecentrum.sk\/wp-content\/uploads\/2017\/02\/18740503_995194463917284_7211865841004508641_n-768x576.jpg 768w, https:\/\/www.tenisovecentrum.sk\/wp-content\/uploads\/2017\/02\/18740503_995194463917284_7211865841004508641_n.jpg 960w\" sizes=\"(max-width: 300px) 100vw, 300px\" \/><img loading=\"lazy\" decoding=\"async\" class=\"alignnone size-medium wp-image-1026\" src=\"http:\/\/www.tenisovecentrum.sk\/wp-content\/uploads\/2017\/02\/18767543_995196400583757_5148109073280398468_n-300x225.jpg\" alt=\"\" width=\"300\" height=\"225\" srcset=\"https:\/\/www.tenisovecentrum.sk\/wp-content\/uploads\/2017\/02\/18767543_995196400583757_5148109073280398468_n-300x225.jpg 300w, https:\/\/www.tenisovecentrum.sk\/wp-content\/uploads\/2017\/02\/18767543_995196400583757_5148109073280398468_n-768x576.jpg 768w, https:\/\/www.tenisovecentrum.sk\/wp-content\/uploads\/2017\/02\/18767543_995196400583757_5148109073280398468_n.jpg 960w\" sizes=\"(max-width: 300px) 100vw, 300px\" \/><img loading=\"lazy\" decoding=\"async\" class=\"alignnone size-medium wp-image-1027\" src=\"http:\/\/www.tenisovecentrum.sk\/wp-content\/uploads\/2017\/02\/18814165_995186580584739_5778514429289695088_n-300x225.jpg\" alt=\"\" width=\"300\" height=\"225\" srcset=\"https:\/\/www.tenisovecentrum.sk\/wp-content\/uploads\/2017\/02\/18814165_995186580584739_5778514429289695088_n-300x225.jpg 300w, https:\/\/www.tenisovecentrum.sk\/wp-content\/uploads\/2017\/02\/18814165_995186580584739_5778514429289695088_n-768x576.jpg 768w, https:\/\/www.tenisovecentrum.sk\/wp-content\/uploads\/2017\/02\/18814165_995186580584739_5778514429289695088_n.jpg 960w\" sizes=\"(max-width: 300px) 100vw, 300px\" \/><img loading=\"lazy\" decoding=\"async\" class=\"alignnone size-medium wp-image-1028\" src=\"http:\/\/www.tenisovecentrum.sk\/wp-content\/uploads\/2017\/02\/18839287_995187127251351_2556300848954124191_n-300x225.jpg\" alt=\"\" width=\"300\" height=\"225\" srcset=\"https:\/\/www.tenisovecentrum.sk\/wp-content\/uploads\/2017\/02\/18839287_995187127251351_2556300848954124191_n-300x225.jpg 300w, https:\/\/www.tenisovecentrum.sk\/wp-content\/uploads\/2017\/02\/18839287_995187127251351_2556300848954124191_n-768x576.jpg 768w, https:\/\/www.tenisovecentrum.sk\/wp-content\/uploads\/2017\/02\/18839287_995187127251351_2556300848954124191_n.jpg 960w\" sizes=\"(max-width: 300px) 100vw, 300px\" \/><img loading=\"lazy\" decoding=\"async\" class=\"alignnone size-medium wp-image-1029\" src=\"http:\/\/www.tenisovecentrum.sk\/wp-content\/uploads\/2017\/02\/18882023_995194653917265_5900078401832966471_n-300x225.jpg\" alt=\"\" width=\"300\" height=\"225\" srcset=\"https:\/\/www.tenisovecentrum.sk\/wp-content\/uploads\/2017\/02\/18882023_995194653917265_5900078401832966471_n-300x225.jpg 300w, https:\/\/www.tenisovecentrum.sk\/wp-content\/uploads\/2017\/02\/18882023_995194653917265_5900078401832966471_n-768x576.jpg 768w, https:\/\/www.tenisovecentrum.sk\/wp-content\/uploads\/2017\/02\/18882023_995194653917265_5900078401832966471_n.jpg 960w\" sizes=\"(max-width: 300px) 100vw, 300px\" \/>[\/vc_column_text][vc_gallery type=&#8220;image_grid&#8220; images=&#8220;825,824,823,822,821,820,819,818,817,816,815,814,813,812,811,810,809,808,807,806,805,804,803,802&#8243; title=&#8220;Fotogal\u00e9ria&#8220;][\/vc_column][\/vc_row]<\/p>\n","protected":false},"excerpt":{"rendered":"<p>[vc_row][vc_column][vc_column_text]Tenisov\u00e1 \u0161kola Pepas prezentovala svoju \u010dinnos\u0165 aj na tradi\u010dnom Tur\u00ed\u010dnom jarmoku v Slovenskej \u013dup\u010di. Spojenie trad\u00edcie a \u0161portu prinieslo o\u017eivenie a spestrenie sprievodu obcou, ktor\u00fd je ofici\u00e1lnym za\u010diatkom cel\u00e9ho jarmoku. D\u00fafame, \u017ee sa v\u00e1m na\u0161a premi\u00e9rov\u00e1 \u00fa\u010das\u0165 na tomto podujat\u00ed p\u00e1\u010dila rovnako ako n\u00e1m. \ud83d\ude42 [\/vc_column_text][vc_gallery type=&#8220;image_grid&#8220; images=&#8220;825,824,823,822,821,820,819,818,817,816,815,814,813,812,811,810,809,808,807,806,805,804,803,802&#8243; title=&#8220;Fotogal\u00e9ria&#8220;][\/vc_column][\/vc_row]<\/p>\n","protected":false},"author":1,"featured_media":0,"parent":33,"menu_order":0,"comment_status":"closed","ping_status":"closed","template":"","meta":{"footnotes":""},"_links":{"self":[{"href":"https:\/\/www.tenisovecentrum.sk\/index.php?rest_route=\/wp\/v2\/pages\/119"}],"collection":[{"href":"https:\/\/www.tenisovecentrum.sk\/index.php?rest_route=\/wp\/v2\/pages"}],"about":[{"href":"https:\/\/www.tenisovecentrum.sk\/index.php?rest_route=\/wp\/v2\/types\/page"}],"author":[{"embeddable":true,"href":"https:\/\/www.tenisovecentrum.sk\/index.php?rest_route=\/wp\/v2\/users\/1"}],"replies":[{"embeddable":true,"href":"https:\/\/www.tenisovecentrum.sk\/index.php?rest_route=%2Fwp%2Fv2%2Fcomments&post=119"}],"version-history":[{"count":3,"href":"https:\/\/www.tenisovecentrum.sk\/index.php?rest_route=\/wp\/v2\/pages\/119\/revisions"}],"predecessor-version":[{"id":1030,"href":"https:\/\/www.tenisovecentrum.sk\/index.php?rest_route=\/wp\/v2\/pages\/119\/revisions\/1030"}],"up":[{"embeddable":true,"href":"https:\/\/www.tenisovecentrum.sk\/index.php?rest_route=\/wp\/v2\/pages\/33"}],"wp:attachment":[{"href":"https:\/\/www.tenisovecentrum.sk\/index.php?rest_route=%2Fwp%2Fv2%2Fmedia&parent=119"}],"curies":[{"name":"wp","href":"https:\/\/api.w.org\/{rel}","templated":true}]}}