{"id":27,"date":"2017-02-23T10:11:20","date_gmt":"2017-02-23T09:11:20","guid":{"rendered":"http:\/\/tc-bakalarskapraca.rhcloud.com\/?page_id=27"},"modified":"2017-05-24T14:50:58","modified_gmt":"2017-05-24T12:50:58","slug":"bowling","status":"publish","type":"page","link":"https:\/\/www.tenisovecentrum.sk\/?page_id=27","title":{"rendered":"Bowling"},"content":{"rendered":"<p>[vc_row][vc_column][vc_column_text]Na\u0161e \u0161portovisko pon\u00faka svojim n\u00e1v\u0161tevn\u00edkom mo\u017enos\u0165 zahra\u0165 si bowling a to prostredn\u00edctvom dvoch vybudovan\u00fdch bowlingov\u00fdch dr\u00e1h zna\u010dky EUROBOWLING. Z\u00e1ujemcovia sa musia telefonicky vopred objedna\u0165. Vstup do priestorov bowlingu je v\u00fdlu\u010dne po prezut\u00ed sa do \u0161peci\u00e1lnej bowlingovej obuvi. Bowlingov\u00e1 obuv v\u00e1m bude zadarmo poskytnut\u00e1 na recepcii centra.<\/p>\n<p>&nbsp;[\/vc_column_text][\/vc_column][\/vc_row][vc_row][vc_column][vc_column_text]<strong><em>\u00a0 \u00a0 \u00a0 \u00a0 \u00a0 \u00a0 \u00a0 \u00a0 \u00a0 \u00a0 \u00a0<span style=\"color: #ff00ff;\">PORIADKOV\u00c9 PRAVIDL\u00c1 \u00a0BOWLINGU<\/span><\/em><\/strong><\/p>\n<ul>\n<li><strong><em>Bowling sa m\u00f4\u017ee hra\u0165 v\u00fdlu\u010dne len v\u00a0bowlingovej \u0161peci\u00e1lnej obuvi.<\/em><\/strong><\/li>\n<li><strong><em>V\u00a0bowlingovej obuvi sa nepohybujte po celom \u0161portovom are\u00e1li ale len v\u00a0hrac\u00edch priestoroch bowlingu, ohrani\u010den\u00fdch p\u00e1skou na podlahe.<\/em><\/strong><\/li>\n<li><strong><em>Po\u010das trvania Va\u0161ej hry sa m\u00f4\u017eete po are\u00e1li pohybova\u0165 jedine v\u00a0n\u00e1vlekoch, ktor\u00e9 dostane od obsluhuj\u00faceho person\u00e1lu.<\/em><\/strong><\/li>\n<li><strong><em>Va\u0161u obuv si po\u010das hry uschovajte v\u00a0poli\u010dke.<\/em><\/strong><\/li>\n<li><strong><em>Mimo are\u00e1lu, v\u00a0exteri\u00e9ri, na parkovisku sa pohybujete po prezut\u00ed.<\/em><\/strong><\/li>\n<li><strong><em>V\u00e4\u010d\u0161ie ta\u0161ky a\u00a0in\u00e9 os. veci si pros\u00edm odkladajte v\u00a0\u0161atni v\u00a0uzamknute\u013enej skrinke.<\/em><\/strong><\/li>\n<li><strong><em>Za stratu os.vec\u00ed nezodpoved\u00e1me. Cenn\u00e9 veci si odlo\u017ete za barov\u00fdm pultom u\u00a0obsluhuj\u00faceho person\u00e1lu.<\/em><\/strong><\/li>\n<li><strong><em>Sledujte si \u010das a\u00a0dobu trvania hry, preto\u017ee aj napriek vyhradenej hodinovej taxe, sa pr\u00edstrojov\u00fdm po\u010d\u00edta\u010dom r\u00e1ta \u010das hrania na minut\u00e1\u017e.<\/em><\/strong><\/li>\n<li><strong><em>Nerozlievajte n\u00e1poje po zemi. Udr\u017eujte poriadok.<\/em><\/strong><\/li>\n<li><strong><em>Technick\u00fa poruchu treba ihne\u010f ohl\u00e1si\u0165 obsluhuj\u00facemu person\u00e1lu.<\/em><\/strong><\/li>\n<li><strong><em>Nedot\u00fdka\u0165 sa riadiacich sp\u00ednac\u00edch gomb\u00edkov na bo\u010dnej strane panela!<\/em><\/strong><\/li>\n<li><strong><em>Bu\u010fte pripraven\u00fd prist\u00fapi\u0165 k\u00a0dr\u00e1he hne\u010f, ako na V\u00e1s pr\u00edde rad.<\/em><\/strong><\/li>\n<li><strong><em>Pam\u00e4tajte, \u017ee hr\u00e1\u010d napravo m\u00e1 v\u017edy prednos\u0165.<\/em><\/strong><\/li>\n<li><strong><em>Ak hod\u00ed na\u013eavo stojaci hr\u00e1\u010d gu\u013eu pred Vami, nechajte ho hra\u0165 ako prv\u00e9ho.<\/em><\/strong><\/li>\n<li><strong><em>Zosta\u0148te na svojej rozbehovej ploche. Hne\u010f ako Va\u0161a gu\u013ea zasiahne kolky, od\u00ed\u010fte z\u00a0rozbehovej dr\u00e1hy.<\/em><\/strong><\/li>\n<li><strong><em>Druh\u00fd hod m\u00f4\u017eete h\u00e1dza\u0165 a\u017e po \u00faplnom postaven\u00ed zost\u00e1vaj\u00facich kolkov. Inak sa kolky zamotaj\u00fa a\u00a0hra sa preru\u0161\u00ed.<\/em><\/strong><\/li>\n<li><strong><em>Spr\u00e1vajte sa disciplinovane a\u00a0bowlingov\u00fa gu\u013eu h\u00e1d\u017ete len po dr\u00e1he nie mimo nej. Vyhodenie gu\u013ey mimo dr\u00e1hy sa trest\u00e1 vysokou pe\u0148a\u017enou pokutou a\u00a0okam\u017eit\u00fdm ukon\u010den\u00edm hry!<\/em><\/strong><\/li>\n<li><strong><em>Neprekra\u010dujte \u010diaru hodu.<\/em><\/strong><\/li>\n<li><strong><em>Nau\u010dte sa prehr\u00e1va\u0165 a\u00a0bu\u010fte oh\u013eadupln\u00ed k\u00a0s\u00faperom a\u00a0v\u00ed\u0165azovi.<\/em><\/strong><\/li>\n<\/ul>\n<p><strong><em>\u00a0<\/em><\/strong>[\/vc_column_text][\/vc_column][\/vc_row][vc_row][vc_column][vc_column_text]<span style=\"color: #333399;\"><strong>Pravidl\u00e1 bowlingu<\/strong><\/span><\/p>\n<p>Jedna partia bowlingu sa sklad\u00e1 z <span style=\"color: #333399;\"><strong>10 hier<\/strong><\/span> &#8211; Ka\u017ed\u00e1 hra sa sklad\u00e1 z dvoch hodov, okrem pr\u00edpadu, ke\u010f je prv\u00fdm hodom zrazen\u00fdch v\u0161etk\u00fdch desa\u0165 kolkov \u2013 <span style=\"color: #333399;\"><strong>STRIKE<\/strong><\/span> &#8211; Pokia\u013e v jednej hre zraz\u00edte oboma hodmi dohromady 0 a\u017e 9 kolkov, z\u00edskavate za ka\u017ed\u00fd zrazen\u00fd kolok 1 bod &#8211; Pokia\u013e v jednej hre zraz\u00edte oboma hodmi dohromady 10 kolkov &#8211;<strong><span style=\"color: #333399;\"> SPARE<\/span><\/strong>, z\u00edskavate 10 bodov plus bonifik\u00e1ciu, ktor\u00e1 je rovn\u00e1 po\u010dtu bodov dosiahnut\u00fdch prv\u00fdm hodom v nasleduj\u00facej hre &#8211; Ak zraz\u00edte v jednej hre prv\u00fdm hodom v\u0161etk\u00fdch desa\u0165 kolkov &#8211; STRIKE, z\u00edskavate 10 bodov plus bonifik\u00e1ciu, ktor\u00e1 je rovn\u00e1 po\u010dtu bodov dosiahnut\u00fdch oboma hodmi v nasleduj\u00facej hre &#8211; Ak dosiahnete SPARE v poslednej desiatej hre, m\u00e1te n\u00e1rok na jeden dodatkov\u00fd hod. Ak dosiahnete v poslednej hre STRIKE, z\u00edskavate dva dodatkov\u00e9 hody[\/vc_column_text][\/vc_column][\/vc_row][vc_row][vc_column][vc_gallery type=&#8220;image_grid&#8220; images=&#8220;309,312,320,308,313&#8243; title=&#8220;Fotogal\u00e9ria&#8220;][\/vc_column][\/vc_row]<\/p>\n","protected":false},"excerpt":{"rendered":"<p>[vc_row][vc_column][vc_column_text]Na\u0161e \u0161portovisko pon\u00faka svojim n\u00e1v\u0161tevn\u00edkom mo\u017enos\u0165 zahra\u0165 si bowling a to prostredn\u00edctvom dvoch vybudovan\u00fdch bowlingov\u00fdch dr\u00e1h zna\u010dky EUROBOWLING. Z\u00e1ujemcovia sa musia telefonicky vopred objedna\u0165. Vstup do priestorov bowlingu je v\u00fdlu\u010dne po prezut\u00ed sa do \u0161peci\u00e1lnej bowlingovej obuvi. Bowlingov\u00e1 obuv v\u00e1m bude zadarmo poskytnut\u00e1 na recepcii centra. &nbsp;[\/vc_column_text][\/vc_column][\/vc_row][vc_row][vc_column][vc_column_text]\u00a0 \u00a0 \u00a0 \u00a0 \u00a0 \u00a0 \u00a0 \u00a0 \u00a0 [&hellip;]<\/p>\n","protected":false},"author":1,"featured_media":0,"parent":0,"menu_order":0,"comment_status":"closed","ping_status":"closed","template":"","meta":{"footnotes":""},"_links":{"self":[{"href":"https:\/\/www.tenisovecentrum.sk\/index.php?rest_route=\/wp\/v2\/pages\/27"}],"collection":[{"href":"https:\/\/www.tenisovecentrum.sk\/index.php?rest_route=\/wp\/v2\/pages"}],"about":[{"href":"https:\/\/www.tenisovecentrum.sk\/index.php?rest_route=\/wp\/v2\/types\/page"}],"author":[{"embeddable":true,"href":"https:\/\/www.tenisovecentrum.sk\/index.php?rest_route=\/wp\/v2\/users\/1"}],"replies":[{"embeddable":true,"href":"https:\/\/www.tenisovecentrum.sk\/index.php?rest_route=%2Fwp%2Fv2%2Fcomments&post=27"}],"version-history":[{"count":2,"href":"https:\/\/www.tenisovecentrum.sk\/index.php?rest_route=\/wp\/v2\/pages\/27\/revisions"}],"predecessor-version":[{"id":902,"href":"https:\/\/www.tenisovecentrum.sk\/index.php?rest_route=\/wp\/v2\/pages\/27\/revisions\/902"}],"wp:attachment":[{"href":"https:\/\/www.tenisovecentrum.sk\/index.php?rest_route=%2Fwp%2Fv2%2Fmedia&parent=27"}],"curies":[{"name":"wp","href":"https:\/\/api.w.org\/{rel}","templated":true}]}}