{"id":422,"date":"2017-04-26T13:39:33","date_gmt":"2017-04-26T11:39:33","guid":{"rendered":"http:\/\/tc-bakalarskapraca.rhcloud.com\/?page_id=422"},"modified":"2019-04-29T08:46:16","modified_gmt":"2019-04-29T06:46:16","slug":"stolovanie-priestory","status":"publish","type":"page","link":"https:\/\/www.tenisovecentrum.sk\/?page_id=422","title":{"rendered":"Stolovanie, priestory"},"content":{"rendered":"<p>[vc_row][vc_column][vc_column_text]Ku ka\u017edej spolo\u010denskej akcii pristupujeme individu\u00e1lne pod\u013ea po\u017eiadaviek klienta. Na z\u00e1klade va\u0161ich predst\u00e1v pripravujeme jedlo, prisp\u00f4sobujeme formu stravovania, \u0161t\u00fdl stolovania, zabezpe\u010denie hudby at\u010f.<\/p>\n<p><strong>Bli\u017e\u0161ie info, objedn\u00e1vky a rezerv\u00e1cie:\u00a0<\/strong><\/p>\n<ul>\n<li><a href=\"tel:+421905184117\">0905 184 117<\/a> (Recepcia Tenisov\u00e9 centrum)<\/li>\n<li>skpepas@tenisovecentrum.sk (Iveta Stankov\u00e1)<\/li>\n<\/ul>\n<p>[\/vc_column_text][\/vc_column][\/vc_row][vc_row][vc_column][vc_gallery type=&#8220;image_grid&#8220; images=&#8220;429,430,431,432,433,434,435,436,437,438,440,442,444,446,448,450,452,454,456,458,460,462,464,466,467,468,469,470,471,472,473,474,475,927,926,925,924,994,995,996,997,998,999,1000,1001,1002,1003,1004,1005,1006,1007&#8243; title=&#8220;Fotogal\u00e9ria&#8220;][\/vc_column][\/vc_row]<\/p>\n","protected":false},"excerpt":{"rendered":"<p>[vc_row][vc_column][vc_column_text]Ku ka\u017edej spolo\u010denskej akcii pristupujeme individu\u00e1lne pod\u013ea po\u017eiadaviek klienta. Na z\u00e1klade va\u0161ich predst\u00e1v pripravujeme jedlo, prisp\u00f4sobujeme formu stravovania, \u0161t\u00fdl stolovania, zabezpe\u010denie hudby at\u010f. Bli\u017e\u0161ie info, objedn\u00e1vky a rezerv\u00e1cie:\u00a0 0905 184 117 (Recepcia Tenisov\u00e9 centrum) skpepas@tenisovecentrum.sk (Iveta Stankov\u00e1) [\/vc_column_text][\/vc_column][\/vc_row][vc_row][vc_column][vc_gallery type=&#8220;image_grid&#8220; images=&#8220;429,430,431,432,433,434,435,436,437,438,440,442,444,446,448,450,452,454,456,458,460,462,464,466,467,468,469,470,471,472,473,474,475,927,926,925,924,994,995,996,997,998,999,1000,1001,1002,1003,1004,1005,1006,1007&#8243; title=&#8220;Fotogal\u00e9ria&#8220;][\/vc_column][\/vc_row]<\/p>\n","protected":false},"author":1,"featured_media":0,"parent":0,"menu_order":0,"comment_status":"closed","ping_status":"closed","template":"","meta":{"footnotes":""},"_links":{"self":[{"href":"https:\/\/www.tenisovecentrum.sk\/index.php?rest_route=\/wp\/v2\/pages\/422"}],"collection":[{"href":"https:\/\/www.tenisovecentrum.sk\/index.php?rest_route=\/wp\/v2\/pages"}],"about":[{"href":"https:\/\/www.tenisovecentrum.sk\/index.php?rest_route=\/wp\/v2\/types\/page"}],"author":[{"embeddable":true,"href":"https:\/\/www.tenisovecentrum.sk\/index.php?rest_route=\/wp\/v2\/users\/1"}],"replies":[{"embeddable":true,"href":"https:\/\/www.tenisovecentrum.sk\/index.php?rest_route=%2Fwp%2Fv2%2Fcomments&post=422"}],"version-history":[{"count":15,"href":"https:\/\/www.tenisovecentrum.sk\/index.php?rest_route=\/wp\/v2\/pages\/422\/revisions"}],"predecessor-version":[{"id":1145,"href":"https:\/\/www.tenisovecentrum.sk\/index.php?rest_route=\/wp\/v2\/pages\/422\/revisions\/1145"}],"wp:attachment":[{"href":"https:\/\/www.tenisovecentrum.sk\/index.php?rest_route=%2Fwp%2Fv2%2Fmedia&parent=422"}],"curies":[{"name":"wp","href":"https:\/\/api.w.org\/{rel}","templated":true}]}}