{"id":49,"date":"2017-02-23T10:14:31","date_gmt":"2017-02-23T09:14:31","guid":{"rendered":"http:\/\/tc-bakalarskapraca.rhcloud.com\/?page_id=49"},"modified":"2019-04-29T08:38:16","modified_gmt":"2019-04-29T06:38:16","slug":"kontakt","status":"publish","type":"page","link":"https:\/\/www.tenisovecentrum.sk\/?page_id=49","title":{"rendered":"Kontakt"},"content":{"rendered":"<p>[vc_row][vc_column][vc_column_text]Na recepciu Tenisov\u00e9ho centra m\u00e1me k dispoz\u00edci\u00ed 2 telefonick\u00e9 kontakty:<\/p>\n<p>mobil: <span style=\"color: #008000;\">+421 905 184 117<\/span><\/p>\n<p>pevn\u00e1 linka: <span style=\"color: #008000;\">+421 48 418 78 58<\/span><\/p>\n<p>Na uveden\u00fdch kontaktoch je mo\u017en\u00e9 si rezervova\u0165 tenisov\u00fd kurt, bedmintonov\u00fd kurt, bowlingov\u00fa dr\u00e1hu. Obslu\u017en\u00fd person\u00e1l v\u00e1m s rados\u0165ou poskytne v\u0161etky d\u00f4le\u017eit\u00e9 aj dopl\u0148uj\u00face inform\u00e1cie.<\/p>\n<p>V pr\u00edpade z\u00e1ujmu rezerv\u00e1cie priestorov pre spolo\u010densk\u00e9, rodinn\u00e9 a firemn\u00e9 akcie, pros\u00edme kontaktova\u0165 pani Ivetu Stankov\u00fa:<\/p>\n<p>mail: skpepas@tenisovecentrum.sk<\/p>\n<p>[\/vc_column_text][vc_raw_html]JTNDc3BhbiUyMGlkJTNEJTIybWFwYSUyMiUzRSUzQyUyRnNwYW4lM0U=[\/vc_raw_html][\/vc_column][\/vc_row][vc_row][vc_column][vc_gmaps link=&#8220;#E-8_JTNDaWZyYW1lJTIwc3JjJTNEJTIyaHR0cHMlM0ElMkYlMkZ3d3cuZ29vZ2xlLmNvbSUyRm1hcHMlMkZlbWJlZCUzRnBiJTNEJTIxMW0xOCUyMTFtMTIlMjExbTMlMjExZDI2MjkuODU5ODkwNzg2MjkzJTIxMmQxOS4yNjI3ODEyMTU4MDE5MSUyMTNkNDguNzY1NDcxODc5Mjc4NTg2JTIxMm0zJTIxMWYwJTIxMmYwJTIxM2YwJTIxM20yJTIxMWkxMDI0JTIxMmk3NjglMjE0ZjEzLjElMjEzbTMlMjExbTIlMjExczB4NDcxNTE0ZTZhYzI0ZWE1YiUyNTNBMHhiYzU2OTNkZDFiYmQyZjQzJTIxMnp4YUJ3YjNKMGIzYkRvU0F6Tml3Z09UYzJJREV6SUZOc2IzWmxibk5ydzZFZ3hMMTFjTVNOWVElMjE1ZTAlMjEzbTIlMjExc2VuJTIxMnNzayUyMTR2MTQ5NTQ1ODExMzQ5NCUyMiUyMHdpZHRoJTNEJTIyNjAwJTIyJTIwaGVpZ2h0JTNEJTIyNDUwJTIyJTIwZnJhbWVib3JkZXIlM0QlMjIwJTIyJTIwc3R5bGUlM0QlMjJib3JkZXIlM0EwJTIyJTIwYWxsb3dmdWxsc2NyZWVuJTNFJTNDJTJGaWZyYW1lJTNF&#8220; size=&#8220;450&#8243; title=&#8220;Mapa&#8220;][\/vc_column][\/vc_row]<\/p>\n","protected":false},"excerpt":{"rendered":"<p>[vc_row][vc_column][vc_column_text]Na recepciu Tenisov\u00e9ho centra m\u00e1me k dispoz\u00edci\u00ed 2 telefonick\u00e9 kontakty: mobil: +421 905 184 117 pevn\u00e1 linka: +421 48 418 78 58 Na uveden\u00fdch kontaktoch je mo\u017en\u00e9 si rezervova\u0165 tenisov\u00fd kurt, bedmintonov\u00fd kurt, bowlingov\u00fa dr\u00e1hu. Obslu\u017en\u00fd person\u00e1l v\u00e1m s rados\u0165ou poskytne v\u0161etky d\u00f4le\u017eit\u00e9 aj dopl\u0148uj\u00face inform\u00e1cie. V pr\u00edpade z\u00e1ujmu rezerv\u00e1cie priestorov pre spolo\u010densk\u00e9, rodinn\u00e9 a [&hellip;]<\/p>\n","protected":false},"author":1,"featured_media":0,"parent":0,"menu_order":0,"comment_status":"closed","ping_status":"closed","template":"","meta":{"footnotes":""},"_links":{"self":[{"href":"https:\/\/www.tenisovecentrum.sk\/index.php?rest_route=\/wp\/v2\/pages\/49"}],"collection":[{"href":"https:\/\/www.tenisovecentrum.sk\/index.php?rest_route=\/wp\/v2\/pages"}],"about":[{"href":"https:\/\/www.tenisovecentrum.sk\/index.php?rest_route=\/wp\/v2\/types\/page"}],"author":[{"embeddable":true,"href":"https:\/\/www.tenisovecentrum.sk\/index.php?rest_route=\/wp\/v2\/users\/1"}],"replies":[{"embeddable":true,"href":"https:\/\/www.tenisovecentrum.sk\/index.php?rest_route=%2Fwp%2Fv2%2Fcomments&post=49"}],"version-history":[{"count":9,"href":"https:\/\/www.tenisovecentrum.sk\/index.php?rest_route=\/wp\/v2\/pages\/49\/revisions"}],"predecessor-version":[{"id":1142,"href":"https:\/\/www.tenisovecentrum.sk\/index.php?rest_route=\/wp\/v2\/pages\/49\/revisions\/1142"}],"wp:attachment":[{"href":"https:\/\/www.tenisovecentrum.sk\/index.php?rest_route=%2Fwp%2Fv2%2Fmedia&parent=49"}],"curies":[{"name":"wp","href":"https:\/\/api.w.org\/{rel}","templated":true}]}}