{"id":55,"date":"2017-02-23T10:38:03","date_gmt":"2017-02-23T09:38:03","guid":{"rendered":"http:\/\/tc-bakalarskapraca.rhcloud.com\/?page_id=55"},"modified":"2017-05-24T12:43:48","modified_gmt":"2017-05-24T10:43:48","slug":"sucasnost","status":"publish","type":"page","link":"https:\/\/www.tenisovecentrum.sk\/?page_id=55","title":{"rendered":"S\u00fa\u010dasnos\u0165"},"content":{"rendered":"<p>[vc_row][vc_column][vc_column_text]V s\u00fa\u010dasnosti Tenisov\u00e9 centrum disponuje<strong> v letnej sez\u00f3ne<\/strong> 6-timi antukov\u00fdmi dvorcami. Svojim z\u00e1kazn\u00edkom pon\u00faka v\u010faka pokojn\u00e9mu a pr\u00edjemn\u00e9mu prostrediu mo\u017enos\u0165 akt\u00edvneho a pas\u00edvneho oddychu. K dispoz\u00edci\u00ed m\u00e1me grill z\u00f3nu s mo\u017enos\u0165ou vyu\u017eitia ohniska, priestorov a kryt\u00fdch pr\u00edstre\u0161kov, ktor\u00e9 vyu\u017e\u00edvaj\u00fa na\u0161i \u0161portovci pri usporiadan\u00ed rozli\u010dn\u00fdch s\u00fakromn\u00fdch alebo firemn\u00fdch turnajov. Pre deti je k dispoz\u00edci\u00ed detsk\u00e1 z\u00f3na, ktor\u00e1 zah\u0155\u0148a detsk\u00e9 ihrisko s preliezkami, pieskoviskom a trampol\u00ednou. Rovnako disponujeme potrebn\u00fdm z\u00e1zem\u00edm pre cyklistov, ktor\u00fdm pon\u00fakame mo\u017enos\u0165 uskladnenia bicykla, mo\u017enos\u0165 ob\u010derstvi\u0165 sa z ponuky n\u00e1pojov a r\u00fdchlych jed\u00e1l alebo mo\u017enos\u0165 poskytnutia potrebn\u00e9ho n\u00e1radia napr\u00edklad pri oprave defektu.<\/p>\n<p><strong>Celoro\u010dne disponujeme<\/strong> priestrann\u00fdm bezplatn\u00fdm parkoviskom, pevnou krytou tenisovou halou, bedmintonovou halou, lezeckou stenou a bowlingov\u00fdmi dr\u00e1hami. Spolo\u010densk\u00e9 priestory maj\u00fa z\u00e1kazn\u00edci mo\u017enos\u0165 vyu\u017ei\u0165 na usporiadanie spolo\u010densk\u00fdch rodinn\u00fdch, s\u00fakromn\u00fdch, firemn\u00fdch osl\u00e1v alebo ve\u010dierkov, kedy zabezpe\u010dujeme aj potrebn\u00fd servis stolovania, obsluhy a cel\u00e9ho cateringu.<\/p>\n<p><strong>V zimnom obdob\u00ed<\/strong> sa ponuka vyu\u017eitia \u0161portoviska pravidelne roz\u0161iruje o pr\u00edrodn\u00fa \u013eadov\u00fa plochu. <strong>Klzisko<\/strong> vznik\u00e1 za priazniv\u00fdch teplotn\u00fdch a poveternostn\u00fdch podmienok s finan\u010dnou podporou obce Slovensk\u00e1 \u013dup\u010da a pr\u00e1ce majite\u013ea centra spolu so svojim synom.<\/p>\n<p>Na p\u00f4de Tenisov\u00e9ho centra prev\u00e1dzkuje svoju \u010dinnos\u0165 <strong>\u0160portov\u00fd klub Pepas Slovensk\u00e1 \u013dup\u010da<\/strong>, ktor\u00fd v\u010faka spolupr\u00e1ci so Slovensk\u00fdm tenisov\u00fdm zv\u00e4zom a dom\u00e1cemu z\u00e1zemiu, pravidelne usporad\u00fava dom\u00e1ce turnaje na miestnej, region\u00e1lnej ale aj n\u00e1rodnej \u00farovni (Letn\u00e9 majstrovstv\u00e1 regi\u00f3nu, Halov\u00e9 majstrovstv\u00e1 republiky, Detsk\u00fd Davis Cup a in\u00e9..) v rozli\u010dn\u00fdch kateg\u00f3ri\u00e1ch. Ka\u017edoro\u010dne sa \u0160K Pepas zap\u00e1ja aj do s\u00fa\u0165a\u017ee dru\u017estiev.<\/p>\n<p>V r\u00e1mci \u0160portov\u00e9ho klubu Pepas, p\u00f4sob\u00ed v are\u00e1li Tenisov\u00e9ho centra <strong>Tenisov\u00e1 \u0161kola Pepas,\u00a0<\/strong>ktor\u00e1 sa venuje pohybovej pr\u00edprave od najmen\u0161\u00edch a\u017e po profesion\u00e1lny pr\u00edstup, tr\u00e9ning a z\u00e1zemie hr\u00e1\u010dov, ktor\u00ed sa umiest\u0148uj\u00fa v TOP 10 na Slovensku vo svojich kateg\u00f3ri\u00e1ch. \u00a0Hlavn\u00fdm tr\u00e9nerom je p\u00e1n Mgr. Matej Stanko, ktor\u00fd po akt\u00edvnej tenisovej kari\u00e9re, na fakulte telov\u00fdchovy a \u0161portu na Univerzite Komensk\u00e9ho v Bratislave, vy\u0161tudoval odbor tenis a stal sa tak diplomovan\u00fdm tr\u00e9nerom a uzn\u00e1van\u00fdm odborn\u00edkom s nieko\u013ekoro\u010dnou praxou venovanej pr\u00e1ce s de\u0165mi a ml\u00e1de\u017eou. Matej Stanko je usporiadate\u013eom u\u017e spom\u00ednan\u00fdch turnajov, po absolvovan\u00ed licencovan\u00fdch kurzov je dr\u017eite\u013eom &#8222;A&#8220; rozhodcovskej licencie a \u00a0je \u010dlenom Rady Slovensk\u00e9ho tenisov\u00e9ho zv\u00e4zu.<\/p>\n<p>Tenisov\u00e1 \u0161kola Pepas ka\u017edoro\u010dne v obdob\u00ed letn\u00fdch pr\u00e1zdnin usporad\u00fava <strong>letn\u00e9 pr\u00e1zdninov\u00e9 kempy<\/strong>, ktor\u00e9 s\u00fa zameran\u00e9 \u00a0pre v\u0161etky deti vo veku od 4 do 14 rokov, nez\u00e1visle od toho, \u010di Tenisov\u00fa \u0161kolu nav\u0161tevuj\u00fa alebo nie. V t\u00e1boroch sa venujeme v\u0161eobecnej \u0161portovo-pohybovej aktivite, zameriavame sa na dobrodru\u017estvo, z\u00e1bavu, s\u00fadr\u017enos\u0165, t\u00edmov\u00e9ho ducha a hru v duchu fair-play. Zabezpe\u010dujeme dozor, starostlivos\u0165, program, stravu 4x denne spolu s pitn\u00fdm re\u017eimom a to od 8:00 do 16:00 hod. Ako znak v\u010faky za prejaven\u00fa d\u00f4veru po\u010das cel\u00e9ho roka, T\u0160 Pepas ka\u017edoro\u010dne usporad\u00fava <strong>Pepas Family Cup<\/strong>, ktor\u00fd je u\u017e tradi\u010dn\u00fdm ukon\u010den\u00edm antukovej sez\u00f3ny v podobe turnaja a \u00a0z\u00e1pasov det\u00ed a rodi\u010dov z tenisovej \u0161koly.<\/p>\n<p>Po \u00faspe\u0161nej kandidat\u00fare, sa are\u00e1l Tenisov\u00e9ho centra v roku 2015, stal usporiadate\u013eom v\u00f4bec prv\u00e9ho <strong>medzin\u00e1rodn\u00e9ho turnaja<\/strong> na svojej p\u00f4de. Tenisov\u00e9 centrum v Slovenskej \u013dup\u010di tak nadviazalo spolupr\u00e1cu s International Tennis Federation \u00a0pri usporad\u00favan\u00ed mu\u017esk\u00fdch a \u017eensk\u00fdch futures turnajov a rovnako tak nadviazalo spolupr\u00e1cu s Tennis Europe Junior Tour pri usporiadan\u00ed juniorsk\u00fdch turnajov do 16 rokov. Od spom\u00ednan\u00e9ho roku 2015 sa are\u00e1l ka\u017edoro\u010dne v letn\u00fdch mesiacoch zhos\u0165uje poz\u00edcie usporiadate\u013ea medzin\u00e1rodn\u00fdch turnajov, ktor\u00e9 s\u00fa pre hr\u00e1\u010dov vstupnou br\u00e1nou pre vstup na profesion\u00e1lny okruh WTA a \u00a0ATP tour.[\/vc_column_text][\/vc_column][\/vc_row]<\/p>\n","protected":false},"excerpt":{"rendered":"<p>[vc_row][vc_column][vc_column_text]V s\u00fa\u010dasnosti Tenisov\u00e9 centrum disponuje v letnej sez\u00f3ne 6-timi antukov\u00fdmi dvorcami. Svojim z\u00e1kazn\u00edkom pon\u00faka v\u010faka pokojn\u00e9mu a pr\u00edjemn\u00e9mu prostrediu mo\u017enos\u0165 akt\u00edvneho a pas\u00edvneho oddychu. K dispoz\u00edci\u00ed m\u00e1me grill z\u00f3nu s mo\u017enos\u0165ou vyu\u017eitia ohniska, priestorov a kryt\u00fdch pr\u00edstre\u0161kov, ktor\u00e9 vyu\u017e\u00edvaj\u00fa na\u0161i \u0161portovci pri usporiadan\u00ed rozli\u010dn\u00fdch s\u00fakromn\u00fdch alebo firemn\u00fdch turnajov. Pre deti je k dispoz\u00edci\u00ed detsk\u00e1 z\u00f3na, [&hellip;]<\/p>\n","protected":false},"author":1,"featured_media":0,"parent":18,"menu_order":0,"comment_status":"closed","ping_status":"closed","template":"","meta":{"footnotes":""},"_links":{"self":[{"href":"https:\/\/www.tenisovecentrum.sk\/index.php?rest_route=\/wp\/v2\/pages\/55"}],"collection":[{"href":"https:\/\/www.tenisovecentrum.sk\/index.php?rest_route=\/wp\/v2\/pages"}],"about":[{"href":"https:\/\/www.tenisovecentrum.sk\/index.php?rest_route=\/wp\/v2\/types\/page"}],"author":[{"embeddable":true,"href":"https:\/\/www.tenisovecentrum.sk\/index.php?rest_route=\/wp\/v2\/users\/1"}],"replies":[{"embeddable":true,"href":"https:\/\/www.tenisovecentrum.sk\/index.php?rest_route=%2Fwp%2Fv2%2Fcomments&post=55"}],"version-history":[{"count":3,"href":"https:\/\/www.tenisovecentrum.sk\/index.php?rest_route=\/wp\/v2\/pages\/55\/revisions"}],"predecessor-version":[{"id":887,"href":"https:\/\/www.tenisovecentrum.sk\/index.php?rest_route=\/wp\/v2\/pages\/55\/revisions\/887"}],"up":[{"embeddable":true,"href":"https:\/\/www.tenisovecentrum.sk\/index.php?rest_route=\/wp\/v2\/pages\/18"}],"wp:attachment":[{"href":"https:\/\/www.tenisovecentrum.sk\/index.php?rest_route=%2Fwp%2Fv2%2Fmedia&parent=55"}],"curies":[{"name":"wp","href":"https:\/\/api.w.org\/{rel}","templated":true}]}}