{"id":6,"date":"2017-02-17T10:25:43","date_gmt":"2017-02-17T09:25:43","guid":{"rendered":"http:\/\/tc-bakalarskapraca.rhcloud.com\/?page_id=6"},"modified":"2025-04-25T10:58:25","modified_gmt":"2025-04-25T08:58:25","slug":"uvod","status":"publish","type":"page","link":"https:\/\/www.tenisovecentrum.sk\/","title":{"rendered":"\u00davod"},"content":{"rendered":"<p>[vc_row][vc_column]<figure class=\"sc_image  sc_image_shape_square\"><img decoding=\"async\" src=\"https:\/\/www.tenisovecentrum.sk\/wp-content\/uploads\/2025\/04\/Borec-2025-plagat.jpg\" alt=\"\" \/><figcaption><span><\/span> Prihl\u00e1ste sa na BORCA 2025 \ud83d\ude42<\/figcaption><\/figure>[vc_column_text]<span style=\"color: #3366ff;\"><strong>LETO 2021 NA KURTOCH<\/strong><\/span><\/p>\n<p><span style=\"color: #00ccff;\"><em>Mil\u00ed priatelia, rodi\u010dia. Dovo\u013ete, aby sme V\u00e1m predstavili dve mo\u017enosti, v\u010faka ktor\u00fdm Va\u0161e deti pre\u017eij\u00fa letn\u00e9 pr\u00e1zdniny naplnen\u00e9 \u0161portom, pohybom, kolekt\u00edvom a hrami.<\/em><\/span><\/p>\n<p>Tenisov\u00e1 \u0161kola Pepas u\u017e <strong>14.leto v rade za sebou<\/strong> organizuje denn\u00e9 \u0161portovo-z\u00e1bavn\u00e9 t\u00e1bory v are\u00e1li Tenisov\u00e9ho centra a vytv\u00e1rame tak nezabudnute\u013en\u00e9 z\u00e1\u017eitky a spomienky z leta. Term\u00edny: <span style=\"color: #3366ff;\"><strong>19.7.-23.7.2021 a 16.8.-20.8.2021.<\/strong><\/span> <strong>Prihl\u00e1\u0161ka<\/strong> na stiahnutie v sekcii T\u00c1BORY alebo vpravo menu NEPREHLIADNITE. Vyplnen\u00fa zasla\u0165 na <strong>matostanko@yahoo.com<\/strong>. Mo\u017enos\u0165 prihl\u00e1si\u0165 sa telefonicky na t\u010d <strong>0907 29 18 18<\/strong> alebo vyplnen\u00edm prihl\u00e1\u0161ky priamo v Tenisovom centre v Slovenskej \u013dup\u010di.<\/p>\n<p><span style=\"color: #993366;\">Pred dvomi rokmi Tenisov\u00e1 \u0161kola Pepas, nadviazala spolupr\u00e1cu s OPI trainings a vytvorili sme \u00faspe\u0161n\u00fd projekt Hokejov\u00fd kemp na tenise. Tento rok sme inovovali a prich\u00e1dzame s<\/span><strong><span style=\"color: #ff0000;\"> BORCOM<\/span><\/strong>.<span style=\"color: #993366;\"> Borec je ten, kto na sebe mak\u00e1, absolvuje v\u0161etky v\u00fdzvy, dodr\u017eiava pokyny, vytvor\u00ed si nov\u00e9 priate\u013estv\u00e1, nech\u00e1 v\u017edy pr\u00e1zdny tanier a nie je mu cudzie \u017eiadne hranie. Term\u00edny:<\/span> <span style=\"color: #3366ff;\"><strong>12.7.-16.7.2021 a 2.8.-6.8.2021.<\/strong><\/span> <strong>Prihl\u00e1\u0161ka cez www.opit.sk<\/strong><\/p>\n<p><img loading=\"lazy\" decoding=\"async\" class=\"alignnone size-medium wp-image-1285\" src=\"http:\/\/www.tenisovecentrum.sk\/wp-content\/uploads\/2021\/05\/PHOTO-2021-05-28-13-50-16-212x300.jpg\" alt=\"\" width=\"212\" height=\"300\" srcset=\"https:\/\/www.tenisovecentrum.sk\/wp-content\/uploads\/2021\/05\/PHOTO-2021-05-28-13-50-16-212x300.jpg 212w, https:\/\/www.tenisovecentrum.sk\/wp-content\/uploads\/2021\/05\/PHOTO-2021-05-28-13-50-16.jpg 724w, https:\/\/www.tenisovecentrum.sk\/wp-content\/uploads\/2021\/05\/PHOTO-2021-05-28-13-50-16-600x849.jpg 600w\" sizes=\"(max-width: 212px) 100vw, 212px\" \/><img loading=\"lazy\" decoding=\"async\" class=\"alignnone size-medium wp-image-1282\" src=\"http:\/\/www.tenisovecentrum.sk\/wp-content\/uploads\/2021\/05\/8e0610b7-e318-4185-a0fc-db82c0208e5d-1-212x300.jpg\" alt=\"\" width=\"212\" height=\"300\" srcset=\"https:\/\/www.tenisovecentrum.sk\/wp-content\/uploads\/2021\/05\/8e0610b7-e318-4185-a0fc-db82c0208e5d-1-212x300.jpg 212w, https:\/\/www.tenisovecentrum.sk\/wp-content\/uploads\/2021\/05\/8e0610b7-e318-4185-a0fc-db82c0208e5d-1.jpg 724w, https:\/\/www.tenisovecentrum.sk\/wp-content\/uploads\/2021\/05\/8e0610b7-e318-4185-a0fc-db82c0208e5d-1-600x849.jpg 600w\" sizes=\"(max-width: 212px) 100vw, 212px\" \/>[\/vc_column_text][\/vc_column][\/vc_row][vc_row][vc_column][vc_column_text]<span style=\"color: #99cc00;\"><strong>OTV\u00c1RAME 19.4.2021<\/strong><\/span><\/p>\n<p><strong><img loading=\"lazy\" decoding=\"async\" class=\"wp-image-1276 alignright\" src=\"http:\/\/www.tenisovecentrum.sk\/wp-content\/uploads\/2021\/04\/otvarame-19.4.-300x300.jpg\" alt=\"\" width=\"260\" height=\"260\" srcset=\"https:\/\/www.tenisovecentrum.sk\/wp-content\/uploads\/2021\/04\/otvarame-19.4.-300x300.jpg 300w, https:\/\/www.tenisovecentrum.sk\/wp-content\/uploads\/2021\/04\/otvarame-19.4.-150x150.jpg 150w, https:\/\/www.tenisovecentrum.sk\/wp-content\/uploads\/2021\/04\/otvarame-19.4.-768x768.jpg 768w, https:\/\/www.tenisovecentrum.sk\/wp-content\/uploads\/2021\/04\/otvarame-19.4.-1024x1024.jpg 1024w, https:\/\/www.tenisovecentrum.sk\/wp-content\/uploads\/2021\/04\/otvarame-19.4.-600x600.jpg 600w, https:\/\/www.tenisovecentrum.sk\/wp-content\/uploads\/2021\/04\/otvarame-19.4.-100x100.jpg 100w, https:\/\/www.tenisovecentrum.sk\/wp-content\/uploads\/2021\/04\/otvarame-19.4..jpg 2000w\" sizes=\"(max-width: 260px) 100vw, 260px\" \/>Mil\u00ed na\u0161i \u0161portovci, z\u00e1kazn\u00edci! <\/strong><\/p>\n<p><strong>Po \u0161tyroch mesiacoch V\u00e1m s rados\u0165ou oznamujeme, \u017ee 19.4.2021 znovu otv\u00e1rame prev\u00e1dzku Tenisov\u00e9ho centra v Slovenskej \u013dup\u010di!<\/strong><\/p>\n<p><span style=\"color: #800000;\"><strong>V r\u00e1mci poskytovanie slu\u017eieb budeme op\u00e4\u0165 piec\u0165 aj na\u0161u PIZZU priamo z pece, a to od pondelka do piatka v \u010dase od 17:00.<\/strong><\/span><\/p>\n<p><strong>Cel\u00fd are\u00e1l, kurty, prev\u00e1dzka a person\u00e1l sa u\u017e nevieme do\u010dka\u0165 a te\u0161\u00edme sa na Va\u0161u n\u00e1v\u0161tevu \ud83d\ude42<\/strong><\/p>\n<p>&nbsp;[\/vc_column_text][\/vc_column][\/vc_row][vc_row][vc_column][vc_column_text]<span style=\"color: #33cccc;\">ROZ\u0160\u00cdREN\u00c1 PONUKA LETN\u00ddCH DRINKOV<\/span><\/p>\n<p>Leto sa pomaly prehupuje do svojej druhej polovice, no pr\u00e1ve teraz v t\u00fdchto d\u0148och sa m\u00f4\u017eeme te\u0161i\u0165 hor\u00facim l\u00fa\u010dom a letu so v\u0161etk\u00fdm \u010do k nemu patr\u00ed. Neodmyslite\u013enou letnou s\u00fa\u010das\u0165ou s\u00fa aj mie\u0161an\u00e9 n\u00e1poje, ktor\u00e9 m\u00e1me v na\u0161ej ponuke nejak\u00fd ten piatok. No od augusta sme sa rozhodli, \u017ee na\u0161u ponuku roz\u0161\u00edrime rovno o 2 ob\u013e\u00faben\u00e9 mie\u0161an\u00e9 letn\u00e9 n\u00e1poje. Dovo\u013ete, aby sme V\u00e1m ich predstavili:<br \/>\n<span style=\"color: #333399;\"><img loading=\"lazy\" decoding=\"async\" class=\" wp-image-1228 alignleft\" src=\"http:\/\/www.tenisovecentrum.sk\/wp-content\/uploads\/2020\/07\/IMG-3008-300x300.jpg\" alt=\"\" width=\"258\" height=\"258\" srcset=\"https:\/\/www.tenisovecentrum.sk\/wp-content\/uploads\/2020\/07\/IMG-3008-300x300.jpg 300w, https:\/\/www.tenisovecentrum.sk\/wp-content\/uploads\/2020\/07\/IMG-3008-150x150.jpg 150w, https:\/\/www.tenisovecentrum.sk\/wp-content\/uploads\/2020\/07\/IMG-3008-768x768.jpg 768w, https:\/\/www.tenisovecentrum.sk\/wp-content\/uploads\/2020\/07\/IMG-3008-1024x1024.jpg 1024w, https:\/\/www.tenisovecentrum.sk\/wp-content\/uploads\/2020\/07\/IMG-3008-600x600.jpg 600w, https:\/\/www.tenisovecentrum.sk\/wp-content\/uploads\/2020\/07\/IMG-3008-100x100.jpg 100w, https:\/\/www.tenisovecentrum.sk\/wp-content\/uploads\/2020\/07\/IMG-3008.jpg 2000w\" sizes=\"(max-width: 258px) 100vw, 258px\" \/><\/span><\/p>\n<p><span style=\"color: #333399;\">HUGO DRINK<\/span><br \/>\nHugo je neodolate\u013en\u00fd alkoholick\u00fd n\u00e1poj, prevo\u0148an\u00fd bazou a osvie\u017euj\u00facou m\u00e4tou. Poch\u00e1dza\u00a0<span class=\"text_exposed_show\">z talianskeho regi\u00f3nu Trentino-Alto Adige. Ve\u013emi r\u00fdchlo si z\u00edskal popularitu<br \/>\npo celom Taliansku, ale aj za jeho hranicami.<br \/>\n<\/span><\/p>\n<p>&nbsp;<\/p>\n<p>&nbsp;<\/p>\n<p><span class=\"text_exposed_show\"><span style=\"color: #ff6600;\">APEROL SPRITZ<img loading=\"lazy\" decoding=\"async\" class=\" wp-image-1227 alignleft\" src=\"http:\/\/www.tenisovecentrum.sk\/wp-content\/uploads\/2020\/07\/IMG-3007-300x300.jpg\" alt=\"\" width=\"270\" height=\"271\" srcset=\"https:\/\/www.tenisovecentrum.sk\/wp-content\/uploads\/2020\/07\/IMG-3007-300x300.jpg 300w, https:\/\/www.tenisovecentrum.sk\/wp-content\/uploads\/2020\/07\/IMG-3007-150x150.jpg 150w, https:\/\/www.tenisovecentrum.sk\/wp-content\/uploads\/2020\/07\/IMG-3007-768x768.jpg 768w, https:\/\/www.tenisovecentrum.sk\/wp-content\/uploads\/2020\/07\/IMG-3007-1024x1024.jpg 1024w, https:\/\/www.tenisovecentrum.sk\/wp-content\/uploads\/2020\/07\/IMG-3007-600x600.jpg 600w, https:\/\/www.tenisovecentrum.sk\/wp-content\/uploads\/2020\/07\/IMG-3007-100x100.jpg 100w, https:\/\/www.tenisovecentrum.sk\/wp-content\/uploads\/2020\/07\/IMG-3007.jpg 2000w\" sizes=\"(max-width: 270px) 100vw, 270px\" \/><\/span><br \/>\nAperol je najzn\u00e1mej\u0161\u00ed n\u00e1poj na b\u00e1ze Aperolu-alkoholick\u00e9ho n\u00e1poja radiaceho sa medzi bittery, Vznikol v 50.rokoch ako variant ben\u00e1tskeho v\u00ednneho striku, ktor\u00fd do Ben\u00e1tok priniesli Rak\u00fa\u0161ania. Horkast\u00fd, elegantn\u00fd, oran\u017eov\u00fd aperit\u00edv<br \/>\nsa te\u0161\u00ed ve\u013ekej ob\u013eube po celom svete.<br \/>\n<\/span><\/p>\n<p>&nbsp;<\/p>\n<p>&nbsp;<\/p>\n<p><span class=\"text_exposed_show\">D\u00fafame, \u017ee sme V\u00e1s aspo\u0148 tro\u0161ku navnadili a nenech\u00e1te si ujs\u0165 pr\u00edle\u017eitos\u0165 zav\u00edta\u0165 na na\u0161u letn\u00fa terasu. U\u017e teraz sa na V\u00e1s te\u0161\u00edme!<\/span>[\/vc_column_text][\/vc_column][\/vc_row][vc_row][vc_column][vc_single_image image=&#8220;1178&#8243; img_size=&#8220;large&#8220; alignment=&#8220;center&#8220; onclick=&#8220;custom_link&#8220; link=&#8220;http:\/\/www.tenisovecentrum.sk\/?page_id=137&#8243;][vc_empty_space][vc_column_text]<\/p>\n<p style=\"text-align: center;\">Viac info na str\u00e1nke\u00a0 <span style=\"text-decoration: underline;\"><a href=\"http:\/\/www.tenisovecentrum.sk\/?page_id=137\"><strong>2 percent\u00e1 z dan\u00ed<\/strong><\/a><\/span>.<\/p>\n<p>[\/vc_column_text][vc_empty_space height=&#8220;64px&#8220;][vc_separator][\/vc_column][\/vc_row][vc_row][vc_column][vc_column_text]<\/p>\n<p style=\"text-align: center;\"><span style=\"color: #00ffff;\"><strong>\u0160TARTUJEME <span style=\"color: #ff0000;\">LETO 2019<\/span> NA KURTOCH!<\/strong><\/span><\/p>\n<p style=\"text-align: center;\"><strong><span style=\"color: #800080;\">12. ro\u010dn\u00edk Denn\u00fdch z\u00e1bavno- \u0161portov\u00fdch t\u00e1borov<\/span><\/strong><\/p>\n<p>Tenisov\u00e1 \u0161kola PEPAS u\u017e 12-ste leto v rad<img loading=\"lazy\" decoding=\"async\" class=\"wp-image-1152 alignleft\" src=\"http:\/\/www.tenisovecentrum.sk\/wp-content\/uploads\/2019\/05\/denny-tabor-2019-212x300.jpg\" alt=\"\" width=\"211\" height=\"299\" srcset=\"https:\/\/www.tenisovecentrum.sk\/wp-content\/uploads\/2019\/05\/denny-tabor-2019-212x300.jpg 212w, https:\/\/www.tenisovecentrum.sk\/wp-content\/uploads\/2019\/05\/denny-tabor-2019-768x1086.jpg 768w, https:\/\/www.tenisovecentrum.sk\/wp-content\/uploads\/2019\/05\/denny-tabor-2019-724x1024.jpg 724w, https:\/\/www.tenisovecentrum.sk\/wp-content\/uploads\/2019\/05\/denny-tabor-2019-600x848.jpg 600w\" sizes=\"(max-width: 211px) 100vw, 211px\" \/>e za sebou organizuje denn\u00e9 \u0161portovo- z\u00e1bavn\u00e9 t\u00e1bory ur\u010den\u00e9 rovnako tak pre tenisov\u00e9 ale aj pre ne-tenisov\u00e9 deti \ud83d\ude42 Tento rok sme si pre v\u00e1s a va\u0161e deti pripravili 3 kempy, ktor\u00fdch term\u00edny si m\u00f4\u017eete pozrie\u0165 v hlavnom menu v sekcii Tenisovej \u0161koly a t\u00e1bory. Prihl\u00e1\u0161ka na t\u00e1bor sa nach\u00e1dza hne\u010f vpravo, v bo\u010dnom menu NEPREHLIADNITE. Prihl\u00e1\u0161ku je potrebn\u00e9 zasiela\u0165 na adresu matostanko@yahoo.com<\/p>\n<p>alebo t\u010d 0907 29 18 18 \ud83d\ude42<\/p>\n<p>Te\u0161\u00edme sa na V\u00e1s deck\u00e1 \ud83d\ude42<\/p>\n<p>&nbsp;[\/vc_column_text][\/vc_column][\/vc_row][vc_row][vc_column][vc_column_text]<\/p>\n<h2><\/h2>\n<p><img loading=\"lazy\" decoding=\"async\" class=\"wp-image-1096 alignleft\" src=\"http:\/\/www.tenisovecentrum.sk\/wp-content\/uploads\/2018\/06\/IMG_6409-300x300.jpg\" alt=\"\" width=\"219\" height=\"219\" srcset=\"https:\/\/www.tenisovecentrum.sk\/wp-content\/uploads\/2018\/06\/IMG_6409-300x300.jpg 300w, https:\/\/www.tenisovecentrum.sk\/wp-content\/uploads\/2018\/06\/IMG_6409-150x150.jpg 150w, https:\/\/www.tenisovecentrum.sk\/wp-content\/uploads\/2018\/06\/IMG_6409-600x600.jpg 600w, https:\/\/www.tenisovecentrum.sk\/wp-content\/uploads\/2018\/06\/IMG_6409-100x100.jpg 100w, https:\/\/www.tenisovecentrum.sk\/wp-content\/uploads\/2018\/06\/IMG_6409.jpg 640w\" sizes=\"(max-width: 219px) 100vw, 219px\" \/><span style=\"color: #ff0000;\">\u00a0<strong>!NOVINKA!<\/strong><\/span><\/p>\n<p><span style=\"color: #00ff00;\">CARDIO TENNIS\u00a0<\/span><\/p>\n<p>L\u00e1ka v\u00e1s tenis ako hra? Chcete maka\u0165 60min na pln\u00e9 obr\u00e1tky? Cardio tennis je tou spr\u00e1vnou vo\u013ebou rovnako pre tenisov\u00fdch za\u010diato\u010dn\u00edkov ako aj pre sk\u00fasen\u00fdch hr\u00e1\u010dov\u00a0<span class=\"_5mfr _47e3\"><img loading=\"lazy\" decoding=\"async\" class=\"img\" role=\"presentation\" src=\"https:\/\/static.xx.fbcdn.net\/images\/emoji.php\/v9\/f77\/1\/16\/1f44d_1f3fb.png\" alt=\"\" width=\"16\" height=\"16\" \/><span class=\"_7oe\">\ud83d\udc4d\ud83c\udffb<\/span><\/span><span class=\"_5mfr _47e3\"><img loading=\"lazy\" decoding=\"async\" class=\"img\" role=\"presentation\" src=\"https:\/\/static.xx.fbcdn.net\/images\/emoji.php\/v9\/f7f\/1\/16\/1f60a.png\" alt=\"\" width=\"16\" height=\"16\" \/><span class=\"_7oe\">\ud83d\ude0a<\/span><\/span>\u00a0Hovor\u00edme o z\u00e1bavno-spolo\u010denskom skupinovom tr\u00e9ningu,kde z hodiny venujeme 30% tenisu a zvy\u0161n\u00fdch 70% je venovan\u00fdch pohybu v tempe tzv cardio\u00a0<span class=\"_5mfr _47e3\"><img loading=\"lazy\" decoding=\"async\" class=\"img\" role=\"presentation\" src=\"https:\/\/static.xx.fbcdn.net\/images\/emoji.php\/v9\/f57\/1\/16\/1f609.png\" alt=\"\" width=\"16\" height=\"16\" \/><span class=\"_7oe\">\ud83d\ude09<\/span><\/span>\u00a0Hodiny s\u00fa veden\u00e9 kvalifikovanou tr\u00e9nerkou<span class=\"_5mfr _47e3\"><img loading=\"lazy\" decoding=\"async\" class=\"img\" role=\"presentation\" src=\"https:\/\/static.xx.fbcdn.net\/images\/emoji.php\/v9\/fe7\/1\/16\/1f4aa_1f3fb.png\" alt=\"\" width=\"16\" height=\"16\" \/><span class=\"_7oe\">\ud83d\udcaa\ud83c\udffb<\/span><\/span>\u00a0Cardio tennis nepozn\u00e1 vekov\u00e9 obmedzenia a d\u00e1 zabra\u0165 obom pohlaviam\u00a0<span class=\"_5mfr _47e3\"><img loading=\"lazy\" decoding=\"async\" class=\"img\" role=\"presentation\" src=\"https:\/\/static.xx.fbcdn.net\/images\/emoji.php\/v9\/fce\/1\/16\/1f3be.png\" alt=\"\" width=\"16\" height=\"16\" \/><span class=\"_7oe\">\ud83c\udfbe<\/span><\/span>\u00a03. a 4.j\u00fala o 18:00 hod sme pre v\u00e1s pripravili promo hodiny,na ktor\u00e9 sa u\u017e ve\u013emi te\u0161\u00edme\u00a0<span class=\"_5mfr _47e3\"><img loading=\"lazy\" decoding=\"async\" class=\"img\" role=\"presentation\" src=\"https:\/\/static.xx.fbcdn.net\/images\/emoji.php\/v9\/f77\/1\/16\/1f44d_1f3fb.png\" alt=\"\" width=\"16\" height=\"16\" \/><span class=\"_7oe\">\ud83d\udc4d\ud83c\udffb<\/span><\/span>\u00a0Sta\u010d\u00ed pr\u00eds\u0165 \u0161portovo naladen\u00ed-o zvy\u0161ok sa postar\u00e1,bli\u017e\u0161ie informuje a odtr\u00e9nuje Zuzana de Widt\u00a0<span class=\"_5mfr _47e3\"><img loading=\"lazy\" decoding=\"async\" class=\"img\" role=\"presentation\" src=\"https:\/\/static.xx.fbcdn.net\/images\/emoji.php\/v9\/f7f\/1\/16\/1f60a.png\" alt=\"\" width=\"16\" height=\"16\" \/><span class=\"_7oe\">\ud83d\ude0a<\/span><\/span><br \/>\nKontakt: 0917 845 072, zuzanadewidt@gmail.com[\/vc_column_text][\/vc_column][\/vc_row][vc_row][vc_column][vc_column_text]<\/p>\n<h5><span style=\"color: #99cc00;\">\u00a0 \u00a0 \u00a0 \u00a0 \u00a0 \u00a0 \u00a0 \u00a0 \u00a0 \u00a0 \u00a0 \u00a0 \u00a0 \u00a0 \u00a0 \u00a0 \u00a0 \u00a0 \u00a0 \u00a0 \u00a0 \u00a0 \u00a0 \u00a0 \u00a0 \u00a0 \u00a0 <img loading=\"lazy\" decoding=\"async\" class=\"size-medium wp-image-1081 alignleft\" src=\"http:\/\/www.tenisovecentrum.sk\/wp-content\/uploads\/2018\/06\/tabory-plagat-2018-2-212x300.jpg\" alt=\"\" width=\"212\" height=\"300\" srcset=\"https:\/\/www.tenisovecentrum.sk\/wp-content\/uploads\/2018\/06\/tabory-plagat-2018-2-212x300.jpg 212w, https:\/\/www.tenisovecentrum.sk\/wp-content\/uploads\/2018\/06\/tabory-plagat-2018-2-768x1086.jpg 768w, https:\/\/www.tenisovecentrum.sk\/wp-content\/uploads\/2018\/06\/tabory-plagat-2018-2-724x1024.jpg 724w, https:\/\/www.tenisovecentrum.sk\/wp-content\/uploads\/2018\/06\/tabory-plagat-2018-2-600x849.jpg 600w\" sizes=\"(max-width: 212px) 100vw, 212px\" \/><\/span><\/h5>\n<h5><span style=\"color: #99cc00;\"><span style=\"font-size: 16px;\">DENN\u00dd TENISOV\u00dd \u0160PORTOVO-Z\u00c1BAVN\u00dd KEMP 2018<\/span><\/span><\/h5>\n<p>U\u017e 11.ste leto&#8230;<span class=\"_5mfr _47e3\"><img loading=\"lazy\" decoding=\"async\" class=\"img\" src=\"https:\/\/www.facebook.com\/images\/emoji.php\/v9\/fb4\/1\/16\/2b50.png\" alt=\"\" width=\"16\" height=\"16\" \/><span class=\"_7oe\">\u2b50<\/span><\/span>\u00a0<span style=\"color: #99cc00;\">Tenisov\u00e1 \u0161kola Pepas<\/span> pripravila aj toto leto 3 t\u00fd\u017edne pln\u00e9 z\u00e1\u017eitkov, z\u00e1bavy, \u0161portu, smiechu, oddychu, priate\u013estva a to v\u0161etko v duchu fair play\u00a0<span class=\"_5mfr _47e3\"><img loading=\"lazy\" decoding=\"async\" class=\"img\" src=\"https:\/\/www.facebook.com\/images\/emoji.php\/v9\/f7f\/1\/16\/1f60a.png\" alt=\"\" width=\"16\" height=\"16\" \/><\/span>\u00a0M\u00e1me nieko\u013ekoro\u010dn\u00e9 sk\u00fasenosti s pr\u00e1cou s de\u0165mi a ml\u00e1de\u017eou, disponujeme bezkonkuren\u010dn\u00fdm z\u00e1zem\u00edm v are\u00e1li Tenisov\u00e9ho centra a de\u0165om pon\u00fakame v\u00fdlu\u010dne dom\u00e1cu stravu 4x denne spolu s pitn\u00fdm re\u017eimom&#8230;.ak e\u0161te st\u00e1le v\u00e1hate a rozm\u00fd\u0161\u013eate kam umiestni\u0165 svoje deti alebo vn\u00fa\u010dat\u00e1 po\u010das letn\u00fdch pr\u00e1zdnin,radi v\u00e1m na t.\u010d. <span style=\"color: #99cc00;\">0907 29 18 18<\/span> poskytneme bli\u017e\u0161ie info pre jednoduch\u0161ie rozhodovanie\u00a0<span class=\"_5mfr _47e3\"><img loading=\"lazy\" decoding=\"async\" class=\"img\" src=\"https:\/\/www.facebook.com\/images\/emoji.php\/v9\/f7f\/1\/16\/1f60a.png\" alt=\"\" width=\"16\" height=\"16\" \/>\u00a0Prihl\u00e1\u0161ka je k dispoz\u00edcii vpravo v sekcii Neprehliadnite \ud83d\ude42<\/span><\/p>\n<p>&nbsp;<\/p>\n<p>&nbsp;<\/p>\n<p>&nbsp;<\/p>\n<h5><strong><span style=\"color: #ff6600;\"><img loading=\"lazy\" decoding=\"async\" class=\" wp-image-1059 alignleft\" src=\"http:\/\/www.tenisovecentrum.sk\/wp-content\/uploads\/2018\/06\/34345956_10216986787440835_4943044321566785536_n-200x300.jpg\" alt=\"\" width=\"141\" height=\"211\" srcset=\"https:\/\/www.tenisovecentrum.sk\/wp-content\/uploads\/2018\/06\/34345956_10216986787440835_4943044321566785536_n-200x300.jpg 200w, https:\/\/www.tenisovecentrum.sk\/wp-content\/uploads\/2018\/06\/34345956_10216986787440835_4943044321566785536_n-600x900.jpg 600w, https:\/\/www.tenisovecentrum.sk\/wp-content\/uploads\/2018\/06\/34345956_10216986787440835_4943044321566785536_n.jpg 640w\" sizes=\"(max-width: 141px) 100vw, 141px\" \/><\/span><\/strong><\/h5>\n<h5><strong><span style=\"color: #ff6600;\">MEDZIN\u00c1RODN\u00dd\u00a0 DE\u0147 DET\u00cd 2018 v Slovenskej \u013dup\u010di<\/span><\/strong><\/h5>\n<p>Obec Slovensk\u00e1 \u013dup\u010da d\u0148a 2.j\u00fana 2018 organizovala podujatie venovan\u00e9 v\u0161etk\u00fdm de\u0165om. MDD sa tento rok oslavoval v priestoroch n\u00e1\u0161ho Tenisov\u00e9ho centra v\u00f4bec po 1x. Deti\u010dky spolu s rodi\u010dmi si spolo\u010dne za\u0161portovali, pre\u017eili de\u0148 pln\u00fd hier, z\u00e1bavy a \u0161portu. K dispoz\u00edci\u00ed bolo ve\u013ea r\u00f4znych stanov\u00ed\u0161\u0165 ako tenis, bedminton, lezeck\u00e1 stena, modelovanie bal\u00f3nikov, zat\u013akanie klincov, jazda na koni, sk\u00e1kanie vo vreci, na nafukovacom hrade&#8230;rovnako tak aj ob\u010derstvenie, mo\u017enos\u0165 zapoji\u0165 sa do tomboly alebo pre d\u00e1my skr\u00e1\u0161\u013eovac\u00ed k\u00fatik. Ver\u00edme, \u017ee aj na bud\u00faci rok budeme s\u00fa\u010das\u0165ou tejto ve\u013emi milej akcie.<\/p>\n<p>&nbsp;<\/p>\n<p>&nbsp;<\/p>\n<p>&nbsp;<\/p>\n<h5><img loading=\"lazy\" decoding=\"async\" class=\"size-medium wp-image-958 alignleft\" src=\"http:\/\/www.tenisovecentrum.sk\/wp-content\/uploads\/2017\/07\/banner-dajte-deti-na-tenis-768x1141.jpg\" alt=\"\" width=\"202\" height=\"300\" \/><span style=\"color: #ff00ff;\"><strong>DAJTE DETI NA TENIS<\/strong><\/span><\/h5>\n<p>Pon\u00fakame profesion\u00e1lny pr\u00edstup, diplomovan\u00fdch tr\u00e9nerov v odbore tenis, dlhoro\u010dn\u00e9 sk\u00fasenosti a prax, v\u00fdsledky, vynikaj\u00face z\u00e1zemie klubu a jedine\u010dn\u00e9 prostredie Tenisov\u00e9ho centra.<\/p>\n<p>&nbsp;<\/p>\n<p>&nbsp;<\/p>\n<p>&nbsp;<\/p>\n<p>&nbsp;<\/p>\n<p>&nbsp;<\/p>\n<p>&nbsp;<\/p>\n<h5><\/h5>\n<p>[\/vc_column_text][\/vc_column][\/vc_row][vc_row][vc_column][\/vc_column][\/vc_row][vc_row][vc_column][\/vc_column][\/vc_row]<\/p>\n","protected":false},"excerpt":{"rendered":"<p>[vc_row][vc_column][vc_column_text]LETO 2021 NA KURTOCH Mil\u00ed priatelia, rodi\u010dia. Dovo\u013ete, aby sme V\u00e1m predstavili dve mo\u017enosti, v\u010faka ktor\u00fdm Va\u0161e deti pre\u017eij\u00fa letn\u00e9 pr\u00e1zdniny naplnen\u00e9 \u0161portom, pohybom, kolekt\u00edvom a hrami. Tenisov\u00e1 \u0161kola Pepas u\u017e 14.leto v rade za sebou organizuje denn\u00e9 \u0161portovo-z\u00e1bavn\u00e9 t\u00e1bory v are\u00e1li Tenisov\u00e9ho centra a vytv\u00e1rame tak nezabudnute\u013en\u00e9 z\u00e1\u017eitky a spomienky z leta. Term\u00edny: 19.7.-23.7.2021 [&hellip;]<\/p>\n","protected":false},"author":1,"featured_media":0,"parent":0,"menu_order":0,"comment_status":"closed","ping_status":"closed","template":"","meta":{"footnotes":""},"_links":{"self":[{"href":"https:\/\/www.tenisovecentrum.sk\/index.php?rest_route=\/wp\/v2\/pages\/6"}],"collection":[{"href":"https:\/\/www.tenisovecentrum.sk\/index.php?rest_route=\/wp\/v2\/pages"}],"about":[{"href":"https:\/\/www.tenisovecentrum.sk\/index.php?rest_route=\/wp\/v2\/types\/page"}],"author":[{"embeddable":true,"href":"https:\/\/www.tenisovecentrum.sk\/index.php?rest_route=\/wp\/v2\/users\/1"}],"replies":[{"embeddable":true,"href":"https:\/\/www.tenisovecentrum.sk\/index.php?rest_route=%2Fwp%2Fv2%2Fcomments&post=6"}],"version-history":[{"count":32,"href":"https:\/\/www.tenisovecentrum.sk\/index.php?rest_route=\/wp\/v2\/pages\/6\/revisions"}],"predecessor-version":[{"id":1394,"href":"https:\/\/www.tenisovecentrum.sk\/index.php?rest_route=\/wp\/v2\/pages\/6\/revisions\/1394"}],"wp:attachment":[{"href":"https:\/\/www.tenisovecentrum.sk\/index.php?rest_route=%2Fwp%2Fv2%2Fmedia&parent=6"}],"curies":[{"name":"wp","href":"https:\/\/api.w.org\/{rel}","templated":true}]}}