{"id":67,"date":"2017-02-23T10:43:26","date_gmt":"2017-02-23T09:43:26","guid":{"rendered":"http:\/\/tc-bakalarskapraca.rhcloud.com\/?page_id=67"},"modified":"2019-10-11T22:04:08","modified_gmt":"2019-10-11T20:04:08","slug":"letna-sezona","status":"publish","type":"page","link":"https:\/\/www.tenisovecentrum.sk\/?page_id=67","title":{"rendered":"Letn\u00e1 sez\u00f3na"},"content":{"rendered":"<p>[vc_row][vc_column][vc_column_text]Letn\u00e1 sez\u00f3na v Tenisovom centre v Slovenskej \u013dup\u010di \u0161tartuje zvy\u010dajne v m\u00e1ji a trv\u00e1 a\u017e do okt\u00f3bra. V\u0161etko samozrejme z\u00e1le\u017e\u00ed od poveternostn\u00fdch podmienok. Tie s\u00fa k\u013e\u00fa\u010dov\u00fdm faktorom pri ich jarnej gener\u00e1lnej pr\u00edprave, kedy aplikujeme modern\u00e9 technologick\u00e9 postupy pod\u013ea spr\u00e1vnej chronologickej postupnosti tak, aby sme svojim z\u00e1kazn\u00edkom dok\u00e1zali pripravi\u0165 z\u00e1klad pre kvalitn\u00fd povrch s kvalitnou antukou a kvalitnou \u00fadr\u017ebou po\u010das celej sez\u00f3ny.<\/p>\n<p>Tenisov\u00e9 centrum disponuje 6-timi antukov\u00fdmi dvorcami, nieko\u013ek\u00fdmi priestrann\u00fdmi trib\u00fanami a z\u00e1zem\u00edm v podobe \u0161atn\u00ed, sp\u0155ch, ponuky ob\u010derstvenia a tich\u00e9ho upraven\u00e9ho prostredia, ktor\u00e9 tak prispievaj\u00fa ku komplexn\u00e9mu z\u00e1\u017eitku z \u00a0hrania tenisu v na\u0161om are\u00e1li.[\/vc_column_text][\/vc_column][\/vc_row][vc_row][vc_column][vc_gallery type=&#8220;image_grid&#8220; images=&#8220;295,294,293,288,278,274,268,264,1045,1044,1043,1042,1041,1016,1015,1014,1013,1012,1009&#8243; title=&#8220;Fotogal\u00e9ria&#8220;][\/vc_column][\/vc_row][vc_row][vc_column][vc_column_text]<\/p>\n<p>&nbsp;<\/p>\n<p><strong>\u00a0<\/strong><\/p>\n<p>&nbsp;<\/p>\n<p><strong>\u00a0<\/strong><\/p>\n<p><strong>\u00a0\u00a0 <\/strong><\/p>\n<p>[\/vc_column_text][\/vc_column][\/vc_row]<\/p>\n","protected":false},"excerpt":{"rendered":"<p>[vc_row][vc_column][vc_column_text]Letn\u00e1 sez\u00f3na v Tenisovom centre v Slovenskej \u013dup\u010di \u0161tartuje zvy\u010dajne v m\u00e1ji a trv\u00e1 a\u017e do okt\u00f3bra. V\u0161etko samozrejme z\u00e1le\u017e\u00ed od poveternostn\u00fdch podmienok. Tie s\u00fa k\u013e\u00fa\u010dov\u00fdm faktorom pri ich jarnej gener\u00e1lnej pr\u00edprave, kedy aplikujeme modern\u00e9 technologick\u00e9 postupy pod\u013ea spr\u00e1vnej chronologickej postupnosti tak, aby sme svojim z\u00e1kazn\u00edkom dok\u00e1zali pripravi\u0165 z\u00e1klad pre kvalitn\u00fd povrch s kvalitnou antukou [&hellip;]<\/p>\n","protected":false},"author":1,"featured_media":0,"parent":21,"menu_order":0,"comment_status":"closed","ping_status":"closed","template":"","meta":{"footnotes":""},"_links":{"self":[{"href":"https:\/\/www.tenisovecentrum.sk\/index.php?rest_route=\/wp\/v2\/pages\/67"}],"collection":[{"href":"https:\/\/www.tenisovecentrum.sk\/index.php?rest_route=\/wp\/v2\/pages"}],"about":[{"href":"https:\/\/www.tenisovecentrum.sk\/index.php?rest_route=\/wp\/v2\/types\/page"}],"author":[{"embeddable":true,"href":"https:\/\/www.tenisovecentrum.sk\/index.php?rest_route=\/wp\/v2\/users\/1"}],"replies":[{"embeddable":true,"href":"https:\/\/www.tenisovecentrum.sk\/index.php?rest_route=%2Fwp%2Fv2%2Fcomments&post=67"}],"version-history":[{"count":10,"href":"https:\/\/www.tenisovecentrum.sk\/index.php?rest_route=\/wp\/v2\/pages\/67\/revisions"}],"predecessor-version":[{"id":1162,"href":"https:\/\/www.tenisovecentrum.sk\/index.php?rest_route=\/wp\/v2\/pages\/67\/revisions\/1162"}],"up":[{"embeddable":true,"href":"https:\/\/www.tenisovecentrum.sk\/index.php?rest_route=\/wp\/v2\/pages\/21"}],"wp:attachment":[{"href":"https:\/\/www.tenisovecentrum.sk\/index.php?rest_route=%2Fwp%2Fv2%2Fmedia&parent=67"}],"curies":[{"name":"wp","href":"https:\/\/api.w.org\/{rel}","templated":true}]}}