{"id":837,"date":"2017-05-18T11:54:34","date_gmt":"2017-05-18T09:54:34","guid":{"rendered":"http:\/\/tc-bakalarskapraca.rhcloud.com\/?page_id=837"},"modified":"2017-05-18T11:54:54","modified_gmt":"2017-05-18T09:54:54","slug":"o-kvize","status":"publish","type":"page","link":"https:\/\/www.tenisovecentrum.sk\/?page_id=837","title":{"rendered":"O kv\u00edze"},"content":{"rendered":"<p>[vc_row][vc_column][vc_column_text]V mesa\u010dn\u00fdch intervaloch v priestoroch n\u00e1\u0161ho tenisov\u00e9ho centra pripravujeme spolo\u010densko-z\u00e1bavn\u00fa akciu &#8211; vedomostn\u00fd kv\u00edz.<\/p>\n<p>Na kv\u00edze sa m\u00f4\u017ee zu\u010dastni\u0165 t\u00edm s minim\u00e1lnym po\u010dtom 4, maxim\u00e1lne 6 hr\u00e1\u010dov. Vekov\u00e1 hranica neexistuje. \u0160tartovn\u00e9 je 1\u20ac na osobu, ktor\u00e9 sa kumuluje v spolo\u010dnom banku. Bank m\u00e1 \u0161ancu rozbi\u0165 v\u00ed\u0165azn\u00fd t\u00edm dan\u00e9ho kv\u00edzu. V\u00ed\u0165az okrem in\u00e9ho ur\u010duje nosn\u00fa t\u00e9mu jedn\u00e9ho kola bud\u00faceho kv\u00edzu.\u00a0Na konci s\u00e9rie uskuto\u010dnujeme tzv. kv\u00edz kv\u00edzov, kde sa dozvieme celkov\u00e9ho v\u00ed\u0165za, ktor\u00fdm sa st\u00e1va t\u00edm s najvy\u0161\u0161\u00edm po\u010dtom nazbieran\u00fdch bodov za cel\u00e9 obdobie. S\u00e9riu ukon\u010dujeme v\u017edy pred letom.<\/p>\n<p>Prihlasovanie a bli\u017e\u0161ie inform\u00e1cie na t\u010d <a href=\"tel:+421915615815\">0915 615 815<\/a>[\/vc_column_text][\/vc_column][\/vc_row]<\/p>\n","protected":false},"excerpt":{"rendered":"<p>[vc_row][vc_column][vc_column_text]V mesa\u010dn\u00fdch intervaloch v priestoroch n\u00e1\u0161ho tenisov\u00e9ho centra pripravujeme spolo\u010densko-z\u00e1bavn\u00fa akciu &#8211; vedomostn\u00fd kv\u00edz. Na kv\u00edze sa m\u00f4\u017ee zu\u010dastni\u0165 t\u00edm s minim\u00e1lnym po\u010dtom 4, maxim\u00e1lne 6 hr\u00e1\u010dov. Vekov\u00e1 hranica neexistuje. \u0160tartovn\u00e9 je 1\u20ac na osobu, ktor\u00e9 sa kumuluje v spolo\u010dnom banku. Bank m\u00e1 \u0161ancu rozbi\u0165 v\u00ed\u0165azn\u00fd t\u00edm dan\u00e9ho kv\u00edzu. V\u00ed\u0165az okrem in\u00e9ho ur\u010duje nosn\u00fa t\u00e9mu [&hellip;]<\/p>\n","protected":false},"author":1,"featured_media":0,"parent":353,"menu_order":0,"comment_status":"closed","ping_status":"closed","template":"","meta":{"footnotes":""},"_links":{"self":[{"href":"https:\/\/www.tenisovecentrum.sk\/index.php?rest_route=\/wp\/v2\/pages\/837"}],"collection":[{"href":"https:\/\/www.tenisovecentrum.sk\/index.php?rest_route=\/wp\/v2\/pages"}],"about":[{"href":"https:\/\/www.tenisovecentrum.sk\/index.php?rest_route=\/wp\/v2\/types\/page"}],"author":[{"embeddable":true,"href":"https:\/\/www.tenisovecentrum.sk\/index.php?rest_route=\/wp\/v2\/users\/1"}],"replies":[{"embeddable":true,"href":"https:\/\/www.tenisovecentrum.sk\/index.php?rest_route=%2Fwp%2Fv2%2Fcomments&post=837"}],"version-history":[{"count":2,"href":"https:\/\/www.tenisovecentrum.sk\/index.php?rest_route=\/wp\/v2\/pages\/837\/revisions"}],"predecessor-version":[{"id":840,"href":"https:\/\/www.tenisovecentrum.sk\/index.php?rest_route=\/wp\/v2\/pages\/837\/revisions\/840"}],"up":[{"embeddable":true,"href":"https:\/\/www.tenisovecentrum.sk\/index.php?rest_route=\/wp\/v2\/pages\/353"}],"wp:attachment":[{"href":"https:\/\/www.tenisovecentrum.sk\/index.php?rest_route=%2Fwp%2Fv2%2Fmedia&parent=837"}],"curies":[{"name":"wp","href":"https:\/\/api.w.org\/{rel}","templated":true}]}}